{"id":1082,"date":"2021-05-10T20:04:02","date_gmt":"2021-05-11T01:04:02","guid":{"rendered":"https:\/\/neosistemas.edu.co\/ceneosistemas\/?page_id=1082"},"modified":"2021-05-10T20:09:05","modified_gmt":"2021-05-11T01:09:05","slug":"filosofia-institucional","status":"publish","type":"page","link":"https:\/\/neosistemas.edu.co\/ceneosistemas\/index.php\/filosofia-institucional\/","title":{"rendered":"Filosof\u00eda institucional"},"content":{"rendered":"\t\t<div data-elementor-type=\"wp-page\" data-elementor-id=\"1082\" class=\"elementor elementor-1082\" data-elementor-settings=\"[]\">\n\t\t\t\t\t\t\t<div class=\"elementor-section-wrap\">\n\t\t\t\t\t\t\t<section class=\"elementor-section elementor-top-section elementor-element elementor-element-979fa01 elementor-section-boxed elementor-section-height-default elementor-section-height-default\" data-id=\"979fa01\" data-element_type=\"section\">\n\t\t\t\t\t\t<div class=\"elementor-container elementor-column-gap-default\">\n\t\t\t\t\t<div class=\"elementor-column elementor-col-100 elementor-top-column elementor-element elementor-element-fa2dae7\" data-id=\"fa2dae7\" data-element_type=\"column\">\n\t\t\t<div class=\"elementor-widget-wrap elementor-element-populated\">\n\t\t\t\t\t\t\t\t<div class=\"elementor-element elementor-element-e042291 elementor-widget elementor-widget-heading\" data-id=\"e042291\" data-element_type=\"widget\" data-widget_type=\"heading.default\">\n\t\t\t\t<div class=\"elementor-widget-container\">\n\t\t\t<h2 class=\"elementor-heading-title elementor-size-default\">Filosof\u00eda institucional<\/h2>\t\t<\/div>\n\t\t\t\t<\/div>\n\t\t\t\t\t<\/div>\n\t\t<\/div>\n\t\t\t\t\t\t\t<\/div>\n\t\t<\/section>\n\t\t\t\t<section class=\"elementor-section elementor-top-section elementor-element elementor-element-369dae5 elementor-section-boxed elementor-section-height-default elementor-section-height-default\" data-id=\"369dae5\" data-element_type=\"section\">\n\t\t\t\t\t\t<div class=\"elementor-container elementor-column-gap-default\">\n\t\t\t\t\t<div class=\"elementor-column elementor-col-100 elementor-top-column elementor-element elementor-element-fa3ba45\" data-id=\"fa3ba45\" data-element_type=\"column\">\n\t\t\t<div class=\"elementor-widget-wrap elementor-element-populated\">\n\t\t\t\t\t\t\t\t<div class=\"elementor-element elementor-element-2ac86fc elementor-widget elementor-widget-text-editor\" data-id=\"2ac86fc\" data-element_type=\"widget\" data-widget_type=\"text-editor.default\">\n\t\t\t\t<div class=\"elementor-widget-container\">\n\t\t\t\t\t<div class=\"elementor-text-editor elementor-clearfix\"><p>El Centro Educativo Neosistemas, en su labor pedag\u00f3gica y social, iniciada con el nivel preescolar, b\u00e1sica primaria, b\u00e1sica secundaria, y media t\u00e9cnica, considera la educaci\u00f3n como la promotora del cambio en todos los niveles y aspectos de la vida.<\/p><p><span style=\"color: var( --e-global-color-text ); font-family: var( --e-global-typography-text-font-family ), Sans-serif; font-weight: var( --e-global-typography-text-font-weight );\">Para nosotros es fundamental el reconocimiento del ni\u00f1o y el joven como ser individual y social ya que cada estudiante es \u00fanico, con su propio ritmo de trabajo y aprendizaje, donde \u00e9ste siente y describe el significado de sus actos, experiencias y expresiones; lo que conduce a una educaci\u00f3n \u00e9tica, moral y religiosa en convivencia arm\u00f3nica con su propia realidad.<\/span><\/p><p><span style=\"color: var( --e-global-color-text ); font-family: var( --e-global-typography-text-font-family ), Sans-serif; font-weight: var( --e-global-typography-text-font-weight );\">El proceso educativo de maduraci\u00f3n requiere de la presencia permanente y afectiva de sus padres y maestros, logrando as\u00ed una verdadera integraci\u00f3n de su&nbsp;<\/span><span style=\"color: var( --e-global-color-text ); font-family: var( --e-global-typography-text-font-family ), Sans-serif; font-weight: var( --e-global-typography-text-font-weight );\">yo, con la realidad exterior, adquiriendo confianza y seguridad en s\u00ed mismo,&nbsp;<\/span><span style=\"color: var( --e-global-color-text ); font-family: var( --e-global-typography-text-font-family ), Sans-serif; font-weight: var( --e-global-typography-text-font-weight );\">independencia, valoraci\u00f3n y aprovechamiento de los recursos naturales,&nbsp;<\/span><span style=\"color: var( --e-global-color-text ); font-family: var( --e-global-typography-text-font-family ), Sans-serif; font-weight: var( --e-global-typography-text-font-weight );\">materiales y tecnol\u00f3gicos para expresar sus ideas y sentimientos los cuales son&nbsp;<\/span><span style=\"color: var( --e-global-color-text ); font-family: var( --e-global-typography-text-font-family ), Sans-serif; font-weight: var( --e-global-typography-text-font-weight );\">necesarios para la vida en comunidad.<\/span><\/p><p>Nuestro quehacer pedag\u00f3gico, hace \u00e9nfasis en la educaci\u00f3n integral, como acci\u00f3n permanente de formaci\u00f3n que ve al hombre como (Proyecto de vida) sujeto a&nbsp;perfeccionarse y a adaptarse a diversas situaciones que se le presentan en su&nbsp;diario vivir, marcando una concepci\u00f3n del mundo y de unos ideales sociales,&nbsp;culturales, pol\u00edticos y filos\u00f3ficos que representan la columna vertebral de nuestro&nbsp;Proyecto Educativo Institucional.<\/p><\/div>\n\t\t\t\t<\/div>\n\t\t\t\t<\/div>\n\t\t\t\t\t<\/div>\n\t\t<\/div>\n\t\t\t\t\t\t\t<\/div>\n\t\t<\/section>\n\t\t\t\t\t\t<\/div>\n\t\t\t\t\t<\/div>\n\t\t","protected":false},"excerpt":{"rendered":"<p>Filosof\u00eda institucional El Centro Educativo Neosistemas, en su labor pedag\u00f3gica y social, iniciada con el nivel preescolar, b\u00e1sica primaria, b\u00e1sica secundaria, y media t\u00e9cnica, considera la educaci\u00f3n como la promotora del cambio en todos los niveles y aspectos de la vida. Para nosotros es fundamental el reconocimiento del ni\u00f1o y el joven como ser individual [&hellip;]<\/p>\n","protected":false},"author":1,"featured_media":0,"parent":0,"menu_order":0,"comment_status":"closed","ping_status":"closed","template":"","meta":{"om_disable_all_campaigns":false},"_links":{"self":[{"href":"https:\/\/neosistemas.edu.co\/ceneosistemas\/index.php\/wp-json\/wp\/v2\/pages\/1082"}],"collection":[{"href":"https:\/\/neosistemas.edu.co\/ceneosistemas\/index.php\/wp-json\/wp\/v2\/pages"}],"about":[{"href":"https:\/\/neosistemas.edu.co\/ceneosistemas\/index.php\/wp-json\/wp\/v2\/types\/page"}],"author":[{"embeddable":true,"href":"https:\/\/neosistemas.edu.co\/ceneosistemas\/index.php\/wp-json\/wp\/v2\/users\/1"}],"replies":[{"embeddable":true,"href":"https:\/\/neosistemas.edu.co\/ceneosistemas\/index.php\/wp-json\/wp\/v2\/comments?post=1082"}],"version-history":[{"count":4,"href":"https:\/\/neosistemas.edu.co\/ceneosistemas\/index.php\/wp-json\/wp\/v2\/pages\/1082\/revisions"}],"predecessor-version":[{"id":1086,"href":"https:\/\/neosistemas.edu.co\/ceneosistemas\/index.php\/wp-json\/wp\/v2\/pages\/1082\/revisions\/1086"}],"wp:attachment":[{"href":"https:\/\/neosistemas.edu.co\/ceneosistemas\/index.php\/wp-json\/wp\/v2\/media?parent=1082"}],"curies":[{"name":"wp","href":"https:\/\/api.w.org\/{rel}","templated":true}]}}