{"id":1093,"date":"2021-05-10T20:16:22","date_gmt":"2021-05-11T01:16:22","guid":{"rendered":"https:\/\/neosistemas.edu.co\/ceneosistemas\/?page_id=1093"},"modified":"2021-05-10T21:03:05","modified_gmt":"2021-05-11T02:03:05","slug":"consejo-directivo","status":"publish","type":"page","link":"https:\/\/neosistemas.edu.co\/ceneosistemas\/index.php\/consejo-directivo\/","title":{"rendered":"Consejo Directivo"},"content":{"rendered":"\t\t<div data-elementor-type=\"wp-page\" data-elementor-id=\"1093\" class=\"elementor elementor-1093\" data-elementor-settings=\"[]\">\n\t\t\t\t\t\t\t<div class=\"elementor-section-wrap\">\n\t\t\t\t\t\t\t<section class=\"elementor-section elementor-top-section elementor-element elementor-element-3519b12 elementor-section-boxed elementor-section-height-default elementor-section-height-default\" data-id=\"3519b12\" data-element_type=\"section\">\n\t\t\t\t\t\t<div class=\"elementor-container elementor-column-gap-default\">\n\t\t\t\t\t<div class=\"elementor-column elementor-col-100 elementor-top-column elementor-element elementor-element-8b23284\" data-id=\"8b23284\" data-element_type=\"column\">\n\t\t\t<div class=\"elementor-widget-wrap elementor-element-populated\">\n\t\t\t\t\t\t\t\t<div class=\"elementor-element elementor-element-f4a3469 elementor-widget elementor-widget-heading\" data-id=\"f4a3469\" data-element_type=\"widget\" data-widget_type=\"heading.default\">\n\t\t\t\t<div class=\"elementor-widget-container\">\n\t\t\t<h2 class=\"elementor-heading-title elementor-size-default\">Consejo Directivo<\/h2>\t\t<\/div>\n\t\t\t\t<\/div>\n\t\t\t\t\t<\/div>\n\t\t<\/div>\n\t\t\t\t\t\t\t<\/div>\n\t\t<\/section>\n\t\t\t\t<section class=\"elementor-section elementor-top-section elementor-element elementor-element-2059df4 elementor-section-boxed elementor-section-height-default elementor-section-height-default\" data-id=\"2059df4\" data-element_type=\"section\">\n\t\t\t\t\t\t<div class=\"elementor-container elementor-column-gap-default\">\n\t\t\t\t\t<div class=\"elementor-column elementor-col-100 elementor-top-column elementor-element elementor-element-fbf6b45\" data-id=\"fbf6b45\" data-element_type=\"column\">\n\t\t\t<div class=\"elementor-widget-wrap elementor-element-populated\">\n\t\t\t\t\t\t\t\t<div class=\"elementor-element elementor-element-5c212b0 elementor-widget elementor-widget-text-editor\" data-id=\"5c212b0\" data-element_type=\"widget\" data-widget_type=\"text-editor.default\">\n\t\t\t\t<div class=\"elementor-widget-container\">\n\t\t\t\t\t<div class=\"elementor-text-editor elementor-clearfix\"><p>El consejo directivo quedar\u00e1 conformado as\u00ed:<\/p>\n<ul>\n<li>&nbsp;El rector, quien le presidir\u00e1 y convocar\u00e1 ordinariamente una vez por mes, y&nbsp;extraordinariamente cuando lo considere conveniente.<\/li>\n<li>El director administrativo que desempe\u00f1a funciones de control financiero y&nbsp;acad\u00e9mico.<\/li>\n<li>Dos representantes de los docentes de la instituci\u00f3n.<\/li>\n<li>Un representante de los estudiantes elegido por el consejo de estudiantes.<\/li>\n<li>Un representante de los ex-alumnos de la instituci\u00f3n educativa No formal&nbsp;Neosistemas.<\/li>\n<li>Un representante de los sectores productivos organizados en el \u00e1mbito&nbsp;local.&nbsp; Este es elegido por el consejo directivo.<\/li>\n<li>Dos representantes de los padres de familia elegidos por la junta y\/o del&nbsp;consejo de padres.<\/li>\n<li>Dentro de los primeros 6 d\u00edas de calendario, siguientes a la fecha de iniciaci\u00f3n de<br>clases de cada a\u00f1o lectivo, debe quedar integrado el consejo directivo y entrar en<br>ejercicio de sus funciones.<\/li>\n<\/ul><\/div>\n\t\t\t\t<\/div>\n\t\t\t\t<\/div>\n\t\t\t\t\t<\/div>\n\t\t<\/div>\n\t\t\t\t\t\t\t<\/div>\n\t\t<\/section>\n\t\t\t\t<section class=\"elementor-section elementor-top-section elementor-element elementor-element-8b2c3cc elementor-section-boxed elementor-section-height-default elementor-section-height-default\" data-id=\"8b2c3cc\" data-element_type=\"section\">\n\t\t\t\t\t\t<div class=\"elementor-container elementor-column-gap-default\">\n\t\t\t\t\t<div class=\"elementor-column elementor-col-100 elementor-top-column elementor-element elementor-element-e9f693c\" data-id=\"e9f693c\" data-element_type=\"column\">\n\t\t\t<div class=\"elementor-widget-wrap elementor-element-populated\">\n\t\t\t\t\t\t\t\t<div class=\"elementor-element elementor-element-b1dc89a elementor-widget elementor-widget-heading\" data-id=\"b1dc89a\" data-element_type=\"widget\" data-widget_type=\"heading.default\">\n\t\t\t\t<div class=\"elementor-widget-container\">\n\t\t\t<h2 class=\"elementor-heading-title elementor-size-default\">Funciones<\/h2>\t\t<\/div>\n\t\t\t\t<\/div>\n\t\t\t\t\t<\/div>\n\t\t<\/div>\n\t\t\t\t\t\t\t<\/div>\n\t\t<\/section>\n\t\t\t\t<section class=\"elementor-section elementor-top-section elementor-element elementor-element-f93daf4 elementor-section-boxed elementor-section-height-default elementor-section-height-default\" data-id=\"f93daf4\" data-element_type=\"section\">\n\t\t\t\t\t\t<div class=\"elementor-container elementor-column-gap-default\">\n\t\t\t\t\t<div class=\"elementor-column elementor-col-100 elementor-top-column elementor-element elementor-element-c55c131\" data-id=\"c55c131\" data-element_type=\"column\">\n\t\t\t<div class=\"elementor-widget-wrap elementor-element-populated\">\n\t\t\t\t\t\t\t\t<div class=\"elementor-element elementor-element-6d7f7ea elementor-widget elementor-widget-text-editor\" data-id=\"6d7f7ea\" data-element_type=\"widget\" data-widget_type=\"text-editor.default\">\n\t\t\t\t<div class=\"elementor-widget-container\">\n\t\t\t\t\t<div class=\"elementor-text-editor elementor-clearfix\"><ul>\n<li>Participar en la planeaci\u00f3n del Proyecto Educativo Institucional del&nbsp;curr\u00edculo y del plan de estudios, someti\u00e9ndolos a consideraci\u00f3n de la&nbsp;secretar\u00eda de Educaci\u00f3n para que se verifique el cumplimiento de los&nbsp;requisitos establecidos en la ley y los reglamentos.<\/li>\n<li>&nbsp;Estimular y controlar el buen funcionamiento de la instituci\u00f3n educativa.<\/li>\n<li>Adoptar el Manual de Convivencia y el reglamento de la instituci\u00f3n.<\/li>\n<li>Estudiar el curr\u00edculo y propiciar su continuo mejoramiento introduciendo&nbsp;las modificaciones y ajustes de acuerdo con el procedimiento puesto en&nbsp;el decreto 186del 1994.<\/li>\n<li>Reconocer criterios de participaci\u00f3n de la instituci\u00f3n en actividades&nbsp;comunitarias, deportivas, culturales y recreativas.<\/li>\n<li>Nombrar las comisiones de evaluaci\u00f3n y promoci\u00f3n.<\/li>\n<li>De mayor importancia y transcendencia las propuestas dadas en la&nbsp;instituci\u00f3n se pasaron al Consejo Directivo para su aprobaci\u00f3n, si \u00e9ste&nbsp;no lo aprueba, se deben buscar estrategias para la soluci\u00f3n de alg\u00fan&nbsp;problema.<\/li>\n<\/ul><\/div>\n\t\t\t\t<\/div>\n\t\t\t\t<\/div>\n\t\t\t\t\t<\/div>\n\t\t<\/div>\n\t\t\t\t\t\t\t<\/div>\n\t\t<\/section>\n\t\t\t\t\t\t<\/div>\n\t\t\t\t\t<\/div>\n\t\t","protected":false},"excerpt":{"rendered":"<p>Consejo Directivo El consejo directivo quedar\u00e1 conformado as\u00ed: &nbsp;El rector, quien le presidir\u00e1 y convocar\u00e1 ordinariamente una vez por mes, y&nbsp;extraordinariamente cuando lo considere conveniente. El director administrativo que desempe\u00f1a funciones de control financiero y&nbsp;acad\u00e9mico. Dos representantes de los docentes de la instituci\u00f3n. Un representante de los estudiantes elegido por el consejo de estudiantes. Un [&hellip;]<\/p>\n","protected":false},"author":1,"featured_media":0,"parent":0,"menu_order":0,"comment_status":"closed","ping_status":"closed","template":"","meta":{"om_disable_all_campaigns":false},"_links":{"self":[{"href":"https:\/\/neosistemas.edu.co\/ceneosistemas\/index.php\/wp-json\/wp\/v2\/pages\/1093"}],"collection":[{"href":"https:\/\/neosistemas.edu.co\/ceneosistemas\/index.php\/wp-json\/wp\/v2\/pages"}],"about":[{"href":"https:\/\/neosistemas.edu.co\/ceneosistemas\/index.php\/wp-json\/wp\/v2\/types\/page"}],"author":[{"embeddable":true,"href":"https:\/\/neosistemas.edu.co\/ceneosistemas\/index.php\/wp-json\/wp\/v2\/users\/1"}],"replies":[{"embeddable":true,"href":"https:\/\/neosistemas.edu.co\/ceneosistemas\/index.php\/wp-json\/wp\/v2\/comments?post=1093"}],"version-history":[{"count":20,"href":"https:\/\/neosistemas.edu.co\/ceneosistemas\/index.php\/wp-json\/wp\/v2\/pages\/1093\/revisions"}],"predecessor-version":[{"id":1155,"href":"https:\/\/neosistemas.edu.co\/ceneosistemas\/index.php\/wp-json\/wp\/v2\/pages\/1093\/revisions\/1155"}],"wp:attachment":[{"href":"https:\/\/neosistemas.edu.co\/ceneosistemas\/index.php\/wp-json\/wp\/v2\/media?parent=1093"}],"curies":[{"name":"wp","href":"https:\/\/api.w.org\/{rel}","templated":true}]}}