{"id":1103,"date":"2021-05-10T20:18:55","date_gmt":"2021-05-11T01:18:55","guid":{"rendered":"https:\/\/neosistemas.edu.co\/ceneosistemas\/?page_id=1103"},"modified":"2021-05-10T20:41:57","modified_gmt":"2021-05-11T01:41:57","slug":"consejo-academico","status":"publish","type":"page","link":"https:\/\/neosistemas.edu.co\/ceneosistemas\/index.php\/consejo-academico\/","title":{"rendered":"Consejo Acad\u00e9mico"},"content":{"rendered":"\t\t<div data-elementor-type=\"wp-page\" data-elementor-id=\"1103\" class=\"elementor elementor-1103\" data-elementor-settings=\"[]\">\n\t\t\t\t\t\t\t<div class=\"elementor-section-wrap\">\n\t\t\t\t\t\t\t<section class=\"elementor-section elementor-top-section elementor-element elementor-element-4158e3b elementor-section-boxed elementor-section-height-default elementor-section-height-default\" data-id=\"4158e3b\" data-element_type=\"section\">\n\t\t\t\t\t\t<div class=\"elementor-container elementor-column-gap-default\">\n\t\t\t\t\t<div class=\"elementor-column elementor-col-100 elementor-top-column elementor-element elementor-element-24674a5\" data-id=\"24674a5\" data-element_type=\"column\">\n\t\t\t<div class=\"elementor-widget-wrap elementor-element-populated\">\n\t\t\t\t\t\t\t\t<div class=\"elementor-element elementor-element-b5f4aba elementor-widget elementor-widget-heading\" data-id=\"b5f4aba\" data-element_type=\"widget\" data-widget_type=\"heading.default\">\n\t\t\t\t<div class=\"elementor-widget-container\">\n\t\t\t<h2 class=\"elementor-heading-title elementor-size-default\">Consejo Acad\u00e9mico<\/h2>\t\t<\/div>\n\t\t\t\t<\/div>\n\t\t\t\t\t<\/div>\n\t\t<\/div>\n\t\t\t\t\t\t\t<\/div>\n\t\t<\/section>\n\t\t\t\t<section class=\"elementor-section elementor-top-section elementor-element elementor-element-d021de4 elementor-section-boxed elementor-section-height-default elementor-section-height-default\" data-id=\"d021de4\" data-element_type=\"section\">\n\t\t\t\t\t\t<div class=\"elementor-container elementor-column-gap-default\">\n\t\t\t\t\t<div class=\"elementor-column elementor-col-100 elementor-top-column elementor-element elementor-element-04f8f5f\" data-id=\"04f8f5f\" data-element_type=\"column\">\n\t\t\t<div class=\"elementor-widget-wrap elementor-element-populated\">\n\t\t\t\t\t\t\t\t<div class=\"elementor-element elementor-element-7fb84d5 elementor-widget elementor-widget-text-editor\" data-id=\"7fb84d5\" data-element_type=\"widget\" data-widget_type=\"text-editor.default\">\n\t\t\t\t<div class=\"elementor-widget-container\">\n\t\t\t\t\t<div class=\"elementor-text-editor elementor-clearfix\"><p>El Consejo Acad\u00e9mico est\u00e1 conformado por un docente de cada nivel educativo,&nbsp;\u00e1rea y el rector quien lo preside.<br>Dicho consejo organizar\u00e1 las comisiones de evaluaci\u00f3n y promoci\u00f3n de los&nbsp;estudiantes.<\/p><\/div>\n\t\t\t\t<\/div>\n\t\t\t\t<\/div>\n\t\t\t\t\t<\/div>\n\t\t<\/div>\n\t\t\t\t\t\t\t<\/div>\n\t\t<\/section>\n\t\t\t\t<section class=\"elementor-section elementor-top-section elementor-element elementor-element-9878de9 elementor-section-boxed elementor-section-height-default elementor-section-height-default\" data-id=\"9878de9\" data-element_type=\"section\">\n\t\t\t\t\t\t<div class=\"elementor-container elementor-column-gap-default\">\n\t\t\t\t\t<div class=\"elementor-column elementor-col-100 elementor-top-column elementor-element elementor-element-6b35f51\" data-id=\"6b35f51\" data-element_type=\"column\">\n\t\t\t<div class=\"elementor-widget-wrap elementor-element-populated\">\n\t\t\t\t\t\t\t\t<div class=\"elementor-element elementor-element-a8a662b elementor-widget elementor-widget-heading\" data-id=\"a8a662b\" data-element_type=\"widget\" data-widget_type=\"heading.default\">\n\t\t\t\t<div class=\"elementor-widget-container\">\n\t\t\t<h2 class=\"elementor-heading-title elementor-size-default\">Funciones<\/h2>\t\t<\/div>\n\t\t\t\t<\/div>\n\t\t\t\t\t<\/div>\n\t\t<\/div>\n\t\t\t\t\t\t\t<\/div>\n\t\t<\/section>\n\t\t\t\t<section class=\"elementor-section elementor-top-section elementor-element elementor-element-98c7d0b elementor-section-boxed elementor-section-height-default elementor-section-height-default\" data-id=\"98c7d0b\" data-element_type=\"section\">\n\t\t\t\t\t\t<div class=\"elementor-container elementor-column-gap-default\">\n\t\t\t\t\t<div class=\"elementor-column elementor-col-100 elementor-top-column elementor-element elementor-element-f80e439\" data-id=\"f80e439\" data-element_type=\"column\">\n\t\t\t<div class=\"elementor-widget-wrap elementor-element-populated\">\n\t\t\t\t\t\t\t\t<div class=\"elementor-element elementor-element-c8843b5 elementor-widget elementor-widget-text-editor\" data-id=\"c8843b5\" data-element_type=\"widget\" data-widget_type=\"text-editor.default\">\n\t\t\t\t<div class=\"elementor-widget-container\">\n\t\t\t\t\t<div class=\"elementor-text-editor elementor-clearfix\"><ul><li>Servir de \u00f3rgano consultor del consejo directivo en la propuesta del\u00a0proyecto institucional.<\/li><li>Organizar el plan de estudios y orientar su ejecuci\u00f3n.<\/li><li>Participar en la evaluaci\u00f3n institucional anual.<\/li><li>Evaluar peri\u00f3dicamente el rendimiento de los estudiantes, para la promoci\u00f3n, la asignaci\u00f3n de funciones y supervisi\u00f3n del proceso general de evaluaci\u00f3n.<\/li><li>Recibir y decidir reclamos de los alumnos sobre la evaluaci\u00f3n educativa.<\/li><li>Las dem\u00e1s funciones afines o complementarias con las anteriores que le atribuyen el Proyecto Educativo Institucional.<\/li><\/ul><\/div>\n\t\t\t\t<\/div>\n\t\t\t\t<\/div>\n\t\t\t\t\t<\/div>\n\t\t<\/div>\n\t\t\t\t\t\t\t<\/div>\n\t\t<\/section>\n\t\t\t\t\t\t<\/div>\n\t\t\t\t\t<\/div>\n\t\t","protected":false},"excerpt":{"rendered":"<p>Consejo Acad\u00e9mico El Consejo Acad\u00e9mico est\u00e1 conformado por un docente de cada nivel educativo,&nbsp;\u00e1rea y el rector quien lo preside.Dicho consejo organizar\u00e1 las comisiones de evaluaci\u00f3n y promoci\u00f3n de los&nbsp;estudiantes. Funciones Servir de \u00f3rgano consultor del consejo directivo en la propuesta del\u00a0proyecto institucional. Organizar el plan de estudios y orientar su ejecuci\u00f3n. Participar en la [&hellip;]<\/p>\n","protected":false},"author":1,"featured_media":0,"parent":0,"menu_order":0,"comment_status":"closed","ping_status":"closed","template":"","meta":{"om_disable_all_campaigns":false},"_links":{"self":[{"href":"https:\/\/neosistemas.edu.co\/ceneosistemas\/index.php\/wp-json\/wp\/v2\/pages\/1103"}],"collection":[{"href":"https:\/\/neosistemas.edu.co\/ceneosistemas\/index.php\/wp-json\/wp\/v2\/pages"}],"about":[{"href":"https:\/\/neosistemas.edu.co\/ceneosistemas\/index.php\/wp-json\/wp\/v2\/types\/page"}],"author":[{"embeddable":true,"href":"https:\/\/neosistemas.edu.co\/ceneosistemas\/index.php\/wp-json\/wp\/v2\/users\/1"}],"replies":[{"embeddable":true,"href":"https:\/\/neosistemas.edu.co\/ceneosistemas\/index.php\/wp-json\/wp\/v2\/comments?post=1103"}],"version-history":[{"count":10,"href":"https:\/\/neosistemas.edu.co\/ceneosistemas\/index.php\/wp-json\/wp\/v2\/pages\/1103\/revisions"}],"predecessor-version":[{"id":1139,"href":"https:\/\/neosistemas.edu.co\/ceneosistemas\/index.php\/wp-json\/wp\/v2\/pages\/1103\/revisions\/1139"}],"wp:attachment":[{"href":"https:\/\/neosistemas.edu.co\/ceneosistemas\/index.php\/wp-json\/wp\/v2\/media?parent=1103"}],"curies":[{"name":"wp","href":"https:\/\/api.w.org\/{rel}","templated":true}]}}