{"id":1113,"date":"2021-05-10T20:21:24","date_gmt":"2021-05-11T01:21:24","guid":{"rendered":"https:\/\/neosistemas.edu.co\/ceneosistemas\/?page_id=1113"},"modified":"2021-05-10T20:50:00","modified_gmt":"2021-05-11T01:50:00","slug":"consejo-de-estudiantes","status":"publish","type":"page","link":"https:\/\/neosistemas.edu.co\/ceneosistemas\/index.php\/consejo-de-estudiantes\/","title":{"rendered":"Consejo de Estudiantes"},"content":{"rendered":"\t\t<div data-elementor-type=\"wp-page\" data-elementor-id=\"1113\" class=\"elementor elementor-1113\" data-elementor-settings=\"[]\">\n\t\t\t\t\t\t\t<div class=\"elementor-section-wrap\">\n\t\t\t\t\t\t\t<section class=\"elementor-section elementor-top-section elementor-element elementor-element-3352313 elementor-section-boxed elementor-section-height-default elementor-section-height-default\" data-id=\"3352313\" data-element_type=\"section\">\n\t\t\t\t\t\t<div class=\"elementor-container elementor-column-gap-default\">\n\t\t\t\t\t<div class=\"elementor-column elementor-col-100 elementor-top-column elementor-element elementor-element-f99aba5\" data-id=\"f99aba5\" data-element_type=\"column\">\n\t\t\t<div class=\"elementor-widget-wrap elementor-element-populated\">\n\t\t\t\t\t\t\t\t<div class=\"elementor-element elementor-element-982062a elementor-widget elementor-widget-heading\" data-id=\"982062a\" data-element_type=\"widget\" data-widget_type=\"heading.default\">\n\t\t\t\t<div class=\"elementor-widget-container\">\n\t\t\t<h2 class=\"elementor-heading-title elementor-size-default\">Consejo de Estudiantes<\/h2>\t\t<\/div>\n\t\t\t\t<\/div>\n\t\t\t\t\t<\/div>\n\t\t<\/div>\n\t\t\t\t\t\t\t<\/div>\n\t\t<\/section>\n\t\t\t\t<section class=\"elementor-section elementor-top-section elementor-element elementor-element-4a183c7 elementor-section-boxed elementor-section-height-default elementor-section-height-default\" data-id=\"4a183c7\" data-element_type=\"section\">\n\t\t\t\t\t\t<div class=\"elementor-container elementor-column-gap-default\">\n\t\t\t\t\t<div class=\"elementor-column elementor-col-100 elementor-top-column elementor-element elementor-element-2bfc892\" data-id=\"2bfc892\" data-element_type=\"column\">\n\t\t\t<div class=\"elementor-widget-wrap elementor-element-populated\">\n\t\t\t\t\t\t\t\t<div class=\"elementor-element elementor-element-a3b3918 elementor-widget elementor-widget-text-editor\" data-id=\"a3b3918\" data-element_type=\"widget\" data-widget_type=\"text-editor.default\">\n\t\t\t\t<div class=\"elementor-widget-container\">\n\t\t\t\t\t<div class=\"elementor-text-editor elementor-clearfix\"><p>Es el m\u00e1ximo \u00f3rgano colegiado que asegura y garantiza el continuo ejercicio de la&nbsp;participaci\u00f3n por parte de los estudiantes. Est\u00e1 integrado por un alumno de cada&nbsp;grado de la b\u00e1sica primaria, b\u00e1sica secundaria y media t\u00e9cnica; pero la selecci\u00f3n<br>del representante al consejo directivo ser\u00e1 de la b\u00e1sica secundaria.<br>El consejo de estudiantes se elegir\u00e1 dentro de las cuatro primeras semanas del&nbsp;calendario, mediante votaci\u00f3n secreta. Los alumnos seleccionados no podr\u00e1n ser&nbsp;reelegidos para a\u00f1os siguientes.<\/p><\/div>\n\t\t\t\t<\/div>\n\t\t\t\t<\/div>\n\t\t\t\t\t<\/div>\n\t\t<\/div>\n\t\t\t\t\t\t\t<\/div>\n\t\t<\/section>\n\t\t\t\t<section class=\"elementor-section elementor-top-section elementor-element elementor-element-6eca69c elementor-section-boxed elementor-section-height-default elementor-section-height-default\" data-id=\"6eca69c\" data-element_type=\"section\">\n\t\t\t\t\t\t<div class=\"elementor-container elementor-column-gap-default\">\n\t\t\t\t\t<div class=\"elementor-column elementor-col-100 elementor-top-column elementor-element elementor-element-58b3892\" data-id=\"58b3892\" data-element_type=\"column\">\n\t\t\t<div class=\"elementor-widget-wrap elementor-element-populated\">\n\t\t\t\t\t\t\t\t<div class=\"elementor-element elementor-element-9fe69b5 elementor-widget elementor-widget-heading\" data-id=\"9fe69b5\" data-element_type=\"widget\" data-widget_type=\"heading.default\">\n\t\t\t\t<div class=\"elementor-widget-container\">\n\t\t\t<h2 class=\"elementor-heading-title elementor-size-default\">Perfil de los estudiantes que  lo conforman<\/h2>\t\t<\/div>\n\t\t\t\t<\/div>\n\t\t\t\t\t<\/div>\n\t\t<\/div>\n\t\t\t\t\t\t\t<\/div>\n\t\t<\/section>\n\t\t\t\t<section class=\"elementor-section elementor-top-section elementor-element elementor-element-98fb28b elementor-section-boxed elementor-section-height-default elementor-section-height-default\" data-id=\"98fb28b\" data-element_type=\"section\">\n\t\t\t\t\t\t<div class=\"elementor-container elementor-column-gap-default\">\n\t\t\t\t\t<div class=\"elementor-column elementor-col-100 elementor-top-column elementor-element elementor-element-d4da3da\" data-id=\"d4da3da\" data-element_type=\"column\">\n\t\t\t<div class=\"elementor-widget-wrap elementor-element-populated\">\n\t\t\t\t\t\t\t\t<div class=\"elementor-element elementor-element-f3aeef7 elementor-widget elementor-widget-text-editor\" data-id=\"f3aeef7\" data-element_type=\"widget\" data-widget_type=\"text-editor.default\">\n\t\t\t\t<div class=\"elementor-widget-container\">\n\t\t\t\t\t<div class=\"elementor-text-editor elementor-clearfix\"><ul><li>Ser un(a) joven participativo, \u00edntegro y din\u00e1mico.<\/li><li>Actuar con madurez, honestidad y equilibrio.<\/li><li>Proyectar con actitudes una disciplina por convicci\u00f3n y no por imposici\u00f3n.<\/li><li>Cumplir con sus deberes de estudiante, por convicci\u00f3n libre y responsable.<\/li><li>Flexible al cambio, siendo objetivo(a), critico(a) y receptivo(a) a las<br \/>propuestas.<\/li><\/ul><\/div>\n\t\t\t\t<\/div>\n\t\t\t\t<\/div>\n\t\t\t\t\t<\/div>\n\t\t<\/div>\n\t\t\t\t\t\t\t<\/div>\n\t\t<\/section>\n\t\t\t\t<section class=\"elementor-section elementor-top-section elementor-element elementor-element-6c4a5a9 elementor-section-boxed elementor-section-height-default elementor-section-height-default\" data-id=\"6c4a5a9\" data-element_type=\"section\">\n\t\t\t\t\t\t<div class=\"elementor-container elementor-column-gap-default\">\n\t\t\t\t\t<div class=\"elementor-column elementor-col-100 elementor-top-column elementor-element elementor-element-f22476d\" data-id=\"f22476d\" data-element_type=\"column\">\n\t\t\t<div class=\"elementor-widget-wrap elementor-element-populated\">\n\t\t\t\t\t\t\t\t<div class=\"elementor-element elementor-element-11936b1 elementor-widget elementor-widget-heading\" data-id=\"11936b1\" data-element_type=\"widget\" data-widget_type=\"heading.default\">\n\t\t\t\t<div class=\"elementor-widget-container\">\n\t\t\t<h2 class=\"elementor-heading-title elementor-size-default\">Funciones<\/h2>\t\t<\/div>\n\t\t\t\t<\/div>\n\t\t\t\t\t<\/div>\n\t\t<\/div>\n\t\t\t\t\t\t\t<\/div>\n\t\t<\/section>\n\t\t\t\t<section class=\"elementor-section elementor-top-section elementor-element elementor-element-6bbe831 elementor-section-boxed elementor-section-height-default elementor-section-height-default\" data-id=\"6bbe831\" data-element_type=\"section\">\n\t\t\t\t\t\t<div class=\"elementor-container elementor-column-gap-default\">\n\t\t\t\t\t<div class=\"elementor-column elementor-col-100 elementor-top-column elementor-element elementor-element-1e4522c\" data-id=\"1e4522c\" data-element_type=\"column\">\n\t\t\t<div class=\"elementor-widget-wrap elementor-element-populated\">\n\t\t\t\t\t\t\t\t<div class=\"elementor-element elementor-element-fba76f1 elementor-widget elementor-widget-text-editor\" data-id=\"fba76f1\" data-element_type=\"widget\" data-widget_type=\"text-editor.default\">\n\t\t\t\t<div class=\"elementor-widget-container\">\n\t\t\t\t\t<div class=\"elementor-text-editor elementor-clearfix\"><ul>\n<li>Establecer su organizaci\u00f3n interna.<\/li>\n<li>Apoyar los programas del colegio a trav\u00e9s de su participaci\u00f3n activa.<\/li>\n<li>Colaborar con la instituci\u00f3n para el mejoramiento del curr\u00edculo.<\/li>\n<li>Asistir y participar activamente en las reuniones.<\/li>\n<li>Elegir el representante de los estudiantes ante el Consejo Directivo del&nbsp;establecimiento y asesorarlo en el cumplimiento de su representaci\u00f3n.<\/li>\n<li>Apoyar en todas las campa\u00f1as de divulgaci\u00f3n e interiorizaci\u00f3n del manual&nbsp;de convivencia<\/li>\n<\/ul><\/div>\n\t\t\t\t<\/div>\n\t\t\t\t<\/div>\n\t\t\t\t\t<\/div>\n\t\t<\/div>\n\t\t\t\t\t\t\t<\/div>\n\t\t<\/section>\n\t\t\t\t\t\t<\/div>\n\t\t\t\t\t<\/div>\n\t\t","protected":false},"excerpt":{"rendered":"<p>Consejo de Estudiantes Es el m\u00e1ximo \u00f3rgano colegiado que asegura y garantiza el continuo ejercicio de la&nbsp;participaci\u00f3n por parte de los estudiantes. Est\u00e1 integrado por un alumno de cada&nbsp;grado de la b\u00e1sica primaria, b\u00e1sica secundaria y media t\u00e9cnica; pero la selecci\u00f3ndel representante al consejo directivo ser\u00e1 de la b\u00e1sica secundaria.El consejo de estudiantes se elegir\u00e1 [&hellip;]<\/p>\n","protected":false},"author":1,"featured_media":0,"parent":0,"menu_order":0,"comment_status":"closed","ping_status":"closed","template":"","meta":{"om_disable_all_campaigns":false},"_links":{"self":[{"href":"https:\/\/neosistemas.edu.co\/ceneosistemas\/index.php\/wp-json\/wp\/v2\/pages\/1113"}],"collection":[{"href":"https:\/\/neosistemas.edu.co\/ceneosistemas\/index.php\/wp-json\/wp\/v2\/pages"}],"about":[{"href":"https:\/\/neosistemas.edu.co\/ceneosistemas\/index.php\/wp-json\/wp\/v2\/types\/page"}],"author":[{"embeddable":true,"href":"https:\/\/neosistemas.edu.co\/ceneosistemas\/index.php\/wp-json\/wp\/v2\/users\/1"}],"replies":[{"embeddable":true,"href":"https:\/\/neosistemas.edu.co\/ceneosistemas\/index.php\/wp-json\/wp\/v2\/comments?post=1113"}],"version-history":[{"count":7,"href":"https:\/\/neosistemas.edu.co\/ceneosistemas\/index.php\/wp-json\/wp\/v2\/pages\/1113\/revisions"}],"predecessor-version":[{"id":1142,"href":"https:\/\/neosistemas.edu.co\/ceneosistemas\/index.php\/wp-json\/wp\/v2\/pages\/1113\/revisions\/1142"}],"wp:attachment":[{"href":"https:\/\/neosistemas.edu.co\/ceneosistemas\/index.php\/wp-json\/wp\/v2\/media?parent=1113"}],"curies":[{"name":"wp","href":"https:\/\/api.w.org\/{rel}","templated":true}]}}