{"id":1118,"date":"2021-05-10T20:23:11","date_gmt":"2021-05-11T01:23:11","guid":{"rendered":"https:\/\/neosistemas.edu.co\/ceneosistemas\/?page_id=1118"},"modified":"2021-05-10T21:01:59","modified_gmt":"2021-05-11T02:01:59","slug":"comision-de-evaluacion-y-promocion","status":"publish","type":"page","link":"https:\/\/neosistemas.edu.co\/ceneosistemas\/index.php\/comision-de-evaluacion-y-promocion\/","title":{"rendered":"Comisi\u00f3n de evaluaci\u00f3n y promoci\u00f3n"},"content":{"rendered":"\t\t<div data-elementor-type=\"wp-page\" data-elementor-id=\"1118\" class=\"elementor elementor-1118\" data-elementor-settings=\"[]\">\n\t\t\t\t\t\t\t<div class=\"elementor-section-wrap\">\n\t\t\t\t\t\t\t<section class=\"elementor-section elementor-top-section elementor-element elementor-element-5f3c2ce elementor-section-boxed elementor-section-height-default elementor-section-height-default\" data-id=\"5f3c2ce\" data-element_type=\"section\">\n\t\t\t\t\t\t<div class=\"elementor-container elementor-column-gap-default\">\n\t\t\t\t\t<div class=\"elementor-column elementor-col-100 elementor-top-column elementor-element elementor-element-f18ae6e\" data-id=\"f18ae6e\" data-element_type=\"column\">\n\t\t\t<div class=\"elementor-widget-wrap elementor-element-populated\">\n\t\t\t\t\t\t\t\t<div class=\"elementor-element elementor-element-7f1111a elementor-widget elementor-widget-heading\" data-id=\"7f1111a\" data-element_type=\"widget\" data-widget_type=\"heading.default\">\n\t\t\t\t<div class=\"elementor-widget-container\">\n\t\t\t<h2 class=\"elementor-heading-title elementor-size-default\">Comisi\u00f3n de evaluaci\u00f3n y promoci\u00f3n<\/h2>\t\t<\/div>\n\t\t\t\t<\/div>\n\t\t\t\t\t<\/div>\n\t\t<\/div>\n\t\t\t\t\t\t\t<\/div>\n\t\t<\/section>\n\t\t\t\t<section class=\"elementor-section elementor-top-section elementor-element elementor-element-4716bb7 elementor-section-boxed elementor-section-height-default elementor-section-height-default\" data-id=\"4716bb7\" data-element_type=\"section\">\n\t\t\t\t\t\t<div class=\"elementor-container elementor-column-gap-default\">\n\t\t\t\t\t<div class=\"elementor-column elementor-col-100 elementor-top-column elementor-element elementor-element-48b37d8\" data-id=\"48b37d8\" data-element_type=\"column\">\n\t\t\t<div class=\"elementor-widget-wrap elementor-element-populated\">\n\t\t\t\t\t\t\t\t<div class=\"elementor-element elementor-element-5ef404a elementor-widget elementor-widget-text-editor\" data-id=\"5ef404a\" data-element_type=\"widget\" data-widget_type=\"text-editor.default\">\n\t\t\t\t<div class=\"elementor-widget-container\">\n\t\t\t\t\t<div class=\"elementor-text-editor elementor-clearfix\"><p>Una comisi\u00f3n de evaluaci\u00f3n y promoci\u00f3n se integrada por un n\u00famero de hasta&nbsp;tres docentes, un representante de los padres de familia que no sea docente de la&nbsp;instituci\u00f3n o el rector o su delegado, quien la convoca y preside, con el fin de&nbsp;definir la promoci\u00f3n de los estudiantes y hacer recomendaciones de actividades&nbsp;de refuerzo y superaci\u00f3n para estudiantes que presenten dificultades.<br>En la reuni\u00f3n que tendr\u00e1 la comisi\u00f3n de evaluaci\u00f3n y promoci\u00f3n al finalizar cada&nbsp;per\u00edodo escolar, se analizar\u00e1n los casos de estudiantes con evaluaci\u00f3n&nbsp;insuficiente o deficiente en cualquiera de las \u00e1reas y se har\u00e1n recomendaciones&nbsp;generales o particulares a los profesores, o a otras instancias del establecimiento,&nbsp;en t\u00e9rminos de actividades de refuerzo y superaci\u00f3n. Analizadas las condiciones&nbsp;de los estudiantes, se convocan a los padres de familia o acudientes, al estudiante&nbsp;y al educador respectivo con el fin de presentarles un informe junto con el plan de&nbsp;refuerzo, y acordar los compromisos por parte de los involucrados.<br>Criterios para el control de actividades complementarias y para la evaluaci\u00f3n y&nbsp;promoci\u00f3n.<\/p>\n<p>Que es funci\u00f3n del Consejo Directivo establecer est\u00edmulos y sanciones para el&nbsp;buen desempe\u00f1o acad\u00e9mico y social del alumno (art\u00edculo 144 literal, Ley 115 de&nbsp;1994).<br>Que seg\u00fan el art\u00edculo 145 de la ley 115\/94 es funci\u00f3n del Consejo Acad\u00e9mico&nbsp;velar por la buena marcha de la instituci\u00f3n educativa.<br>Que el Consejo Acad\u00e9mico nombrar comisiones de evaluaci\u00f3n y promoci\u00f3n.<br>Que es funci\u00f3n de las comisiones de promoci\u00f3n y evaluaci\u00f3n analizar los casos de&nbsp;persistencia de superaci\u00f3n o insuficiencia en la consecuci\u00f3n de los logros y&nbsp;prescribir las actividades pedag\u00f3gicas complementarias y necesarias para superar&nbsp;las deficiencias que se realizar\u00e1n simult\u00e1neamente con las actividades&nbsp;acad\u00e9micas en el curso. Art\u00edculo 50, Decreto 1860.<br>Que los art\u00edculos 95 y 96 de la Ley 115 se establecen definici\u00f3n de la matr\u00edcula, la&nbsp;renovaci\u00f3n para cada per\u00edodo acad\u00e9mico, las condiciones para la permanencia del&nbsp;alumno en la instituci\u00f3n y su articulaci\u00f3n con el Manual de Convivencia.<\/p>\n<p>Que seg\u00fan el art\u00edculo 201 de la Ley General, la instituci\u00f3n educativa podr\u00e1&nbsp;reglamentar el proceso de renovaci\u00f3n de matr\u00edculas, sus condiciones, estos sin&nbsp;violar los derechos fundamentales de los estudiantes y estamentos educativos.<br>Que seg\u00fan en la ley 115\/94 en los art\u00edculos 10,11,12, la educaci\u00f3n formal esta&nbsp;integrada por niveles de preescolar, educaci\u00f3n b\u00e1sica y educaci\u00f3n media, los&nbsp;cuales a su vez lo est\u00e1n formando por grados secuenciales ordenados con ciclos&nbsp;lectivos y lineamientos curriculares progresivos de tal manera que solo en la&nbsp;medida que se alcance satisfactoriamente los logros en cada grado, pueda&nbsp;alcanzarse el siguiente grado.<\/p>\n<p>Que los art\u00edculos 52 y 53 del decreto 186 reglamentario de la ley 115\/94 y el&nbsp;decreto 23de febrero 11 de 2002 se establecen las condiciones para la promoci\u00f3n&nbsp;y reprobaci\u00f3n acad\u00e9mica.<br>Los alumnos pendientes en logros deber\u00e1n dedicar tiempo a fortalecer los&nbsp;aspectos se\u00f1alados como insatisfactorios en el proceso evaluativo, para lo cual&nbsp;seguir\u00e1n un programa acad\u00e9mico orientado a superar las deficiencias, las cuales&nbsp;incluir actividades previstas en el plan de estudios, estudios independientes,&nbsp;investigaciones orientadas u otras similares.<\/p>\n<p>Que seg\u00fan las sentencias de la Corte Constitucional.<br>&#8211; T. 092,3 marzo de 1994<br>&#8211; T. 569,7 diciembre de 1994<br>&#8211; T. 316, 12 julio de 1994<br>&#8211; T. 439, 12 octubre de 1994 y otros.<br>No se vulnera el derecho a la educaci\u00f3n por p\u00e9rdida (reprobaci\u00f3n) del a\u00f1o, por&nbsp;sanci\u00f3n al mal rendimiento, por norma de rendimiento y disciplina, por exigencia&nbsp;del buen rendimiento o por exclusi\u00f3n debido al mal comportamiento o faltas de&nbsp;disciplina.<\/p><\/div>\n\t\t\t\t<\/div>\n\t\t\t\t<\/div>\n\t\t\t\t\t<\/div>\n\t\t<\/div>\n\t\t\t\t\t\t\t<\/div>\n\t\t<\/section>\n\t\t\t\t\t\t<\/div>\n\t\t\t\t\t<\/div>\n\t\t","protected":false},"excerpt":{"rendered":"<p>Comisi\u00f3n de evaluaci\u00f3n y promoci\u00f3n Una comisi\u00f3n de evaluaci\u00f3n y promoci\u00f3n se integrada por un n\u00famero de hasta&nbsp;tres docentes, un representante de los padres de familia que no sea docente de la&nbsp;instituci\u00f3n o el rector o su delegado, quien la convoca y preside, con el fin de&nbsp;definir la promoci\u00f3n de los estudiantes y hacer recomendaciones [&hellip;]<\/p>\n","protected":false},"author":1,"featured_media":0,"parent":0,"menu_order":0,"comment_status":"closed","ping_status":"closed","template":"","meta":{"om_disable_all_campaigns":false},"_links":{"self":[{"href":"https:\/\/neosistemas.edu.co\/ceneosistemas\/index.php\/wp-json\/wp\/v2\/pages\/1118"}],"collection":[{"href":"https:\/\/neosistemas.edu.co\/ceneosistemas\/index.php\/wp-json\/wp\/v2\/pages"}],"about":[{"href":"https:\/\/neosistemas.edu.co\/ceneosistemas\/index.php\/wp-json\/wp\/v2\/types\/page"}],"author":[{"embeddable":true,"href":"https:\/\/neosistemas.edu.co\/ceneosistemas\/index.php\/wp-json\/wp\/v2\/users\/1"}],"replies":[{"embeddable":true,"href":"https:\/\/neosistemas.edu.co\/ceneosistemas\/index.php\/wp-json\/wp\/v2\/comments?post=1118"}],"version-history":[{"count":10,"href":"https:\/\/neosistemas.edu.co\/ceneosistemas\/index.php\/wp-json\/wp\/v2\/pages\/1118\/revisions"}],"predecessor-version":[{"id":1152,"href":"https:\/\/neosistemas.edu.co\/ceneosistemas\/index.php\/wp-json\/wp\/v2\/pages\/1118\/revisions\/1152"}],"wp:attachment":[{"href":"https:\/\/neosistemas.edu.co\/ceneosistemas\/index.php\/wp-json\/wp\/v2\/media?parent=1118"}],"curies":[{"name":"wp","href":"https:\/\/api.w.org\/{rel}","templated":true}]}}