{"id":1157,"date":"2021-05-10T21:15:06","date_gmt":"2021-05-11T02:15:06","guid":{"rendered":"https:\/\/neosistemas.edu.co\/ceneosistemas\/?page_id=1157"},"modified":"2025-02-04T07:31:19","modified_gmt":"2025-02-04T12:31:19","slug":"areas-academicas","status":"publish","type":"page","link":"https:\/\/neosistemas.edu.co\/ceneosistemas\/index.php\/areas-academicas\/","title":{"rendered":"\u00c1reas acad\u00e9micas"},"content":{"rendered":"\t\t<div data-elementor-type=\"wp-page\" data-elementor-id=\"1157\" class=\"elementor elementor-1157\" data-elementor-settings=\"[]\">\n\t\t\t\t\t\t\t<div class=\"elementor-section-wrap\">\n\t\t\t\t\t\t\t<section class=\"elementor-section elementor-top-section elementor-element elementor-element-3a3b0d7 elementor-section-boxed elementor-section-height-default elementor-section-height-default\" data-id=\"3a3b0d7\" data-element_type=\"section\">\n\t\t\t\t\t\t<div class=\"elementor-container elementor-column-gap-default\">\n\t\t\t\t\t<div class=\"elementor-column elementor-col-100 elementor-top-column elementor-element elementor-element-447ce76\" data-id=\"447ce76\" data-element_type=\"column\">\n\t\t\t<div class=\"elementor-widget-wrap elementor-element-populated\">\n\t\t\t\t\t\t\t\t<div class=\"elementor-element elementor-element-9b77d5c elementor-widget elementor-widget-heading\" data-id=\"9b77d5c\" data-element_type=\"widget\" data-widget_type=\"heading.default\">\n\t\t\t\t<div class=\"elementor-widget-container\">\n\t\t\t<h2 class=\"elementor-heading-title elementor-size-default\">\u00c1reas acad\u00e9micas<\/h2>\t\t<\/div>\n\t\t\t\t<\/div>\n\t\t\t\t\t<\/div>\n\t\t<\/div>\n\t\t\t\t\t\t\t<\/div>\n\t\t<\/section>\n\t\t\t\t<section class=\"elementor-section elementor-top-section elementor-element elementor-element-f53f1e5 elementor-section-boxed elementor-section-height-default elementor-section-height-default\" data-id=\"f53f1e5\" data-element_type=\"section\">\n\t\t\t\t\t\t<div class=\"elementor-container elementor-column-gap-default\">\n\t\t\t\t\t<div class=\"elementor-column elementor-col-100 elementor-top-column elementor-element elementor-element-f7cc7d3\" data-id=\"f7cc7d3\" data-element_type=\"column\">\n\t\t\t<div class=\"elementor-widget-wrap elementor-element-populated\">\n\t\t\t\t\t\t\t\t<div class=\"elementor-element elementor-element-d37fa7a elementor-widget elementor-widget-text-editor\" data-id=\"d37fa7a\" data-element_type=\"widget\" data-widget_type=\"text-editor.default\">\n\t\t\t\t<div class=\"elementor-widget-container\">\n\t\t\t\t\t<div class=\"elementor-text-editor elementor-clearfix\"><p>Se definen 11 (once) \u00e1reas donde se incluyen los 5 <u>proyectos <\/u>obligatorios seg\u00fan art\u00edculos 14 y 23 de la ley 115 de 1994 (Ley General de Educaci\u00f3n), as\u00ed mismo se definen las asignaturas y proyectos que conforman cada \u00e1rea y el porcentaje de cada asignatura dentro del \u00e1rea a la que pertenece, as\u00ed:<\/p><ol><li>\u00c1REA CIENCIAS NATURALES Y EDUCACI\u00d3N AMBIENTAL\u00a0<\/li><\/ol><p>GRADO PRIMERO A NOVENO<\/p><ul><li>CIENCIAS NATURALES (80%):\u00a0 Biolog\u00eda, F\u00edsica, Qu\u00edmica.<\/li><li>EDUCACI\u00d3N AMBIENTAL (20%): Proyecto educaci\u00f3n ambiental.<\/li><\/ul><p>GRADO D\u00c9CIMO Y\u00a0 UND\u00c9CIMO<\/p><ul><li>F\u00cdSICA (40%)<\/li><li>QU\u00cdMICA (40%):\u00a0<\/li><li>EDUCACI\u00d3N AMBIENTAL (20%)<\/li><\/ul><ol start=\"2\"><li>\u00c1REA HUMANIDADES, LENGUA CASTELLANA E IDIOMA EXTRANJERO.<\/li><\/ol><ul><li>LENGUA CASTELLANA (50%): Lengua castellana, Redacci\u00f3n y ortograf\u00eda, Comprensi\u00f3n lectora.<\/li><li>IDIOMA EXTRANJERO (50%): Ingl\u00e9s.<\/li><\/ul><ol start=\"3\"><li>\u00c1REA MATEM\u00c1TICAS (100%).<\/li><\/ol><ul><li>Matem\u00e1ticas (Primero a Noveno).<\/li><li>Estad\u00edstica (Primero a Und\u00e9cimo).<\/li><li>Geometr\u00eda (Primero a Und\u00e9cimo).<\/li><li>Trigonometr\u00eda y Algebra Lineal (D\u00e9cimo y Und\u00e9cimo).<\/li><li>C\u00e1lculo y Algebra Lineal (D\u00e9cimo y Und\u00e9cimo).<\/li><\/ul><ol start=\"4\"><li>\u00c1REA EDUCACI\u00d3N RELIGIOSA (100%)<\/li><\/ol><ul><li>Educaci\u00f3n religiosa.<\/li><\/ul><ol start=\"5\"><li>\u00c1REA TECNOLOG\u00cdA E INFORM\u00c1TICA.<\/li><\/ol><p>TRANSICI\u00d3N A CUARTO<\/p><ul><li>TECNOLOG\u00cdA E INFORM\u00c1TICA (100%)<\/li><\/ul><p>GRADO QUINTO A UND\u00c9CIMO<\/p><ul><li>EMPRENDIMIENTO (20%).<\/li><li>TECNOLOG\u00cdA E INFORM\u00c1TICA (80%)<\/li><\/ul><ol start=\"6\"><li>\u00c1REA EDUCACI\u00d3N \u00c9TICA Y VALORES HUMANOS.<\/li><\/ol><ul><li>\u00c9TICA Y VALORES HUMANOS (60%).<\/li><li>PROYECTO EDUCACI\u00d3N SEXUAL Y AFECTIVIDAD (40%).<\/li><\/ul><ol start=\"7\"><li>\u00c1REA EDUCACI\u00d3N ART\u00cdSTICA.<\/li><\/ol><ul><li>educaci\u00f3n art\u00edstica (100%)<\/li><\/ul><ol start=\"8\"><li>\u00c1REA EDUCACI\u00d3N F\u00cdSICA, RECREACI\u00d3N Y DEPORTE\u00a0<\/li><\/ol><ul><li>EDUCACI\u00d3N F\u00cdSICA\u00a0 (100%).<\/li><\/ul><ol start=\"9\"><li>\u00c1REA CIENCIAS SOCIALES, HISTORIA, GEOGRAF\u00cdA, CONSTITUCI\u00d3N POL\u00cdTICA Y DEMOCRACIA.<\/li><\/ol><ul><li>CIENCIAS SOCIALES (70%).<\/li><li>PROYECTOS (30%):\u00a0 Proyecto c\u00e1tedra para la paz, Proyecto de historia, Proyecto de constituci\u00f3n y civismo.<\/li><\/ul><ol start=\"10\"><li>\u00c1REA ECONOM\u00cdA Y POL\u00cdTICA (100%).<\/li><\/ol><ul><li>Econom\u00eda y Pol\u00edtica\u00a0 ( Grados D\u00e9cimo y Und\u00e9cimo).<\/li><\/ul><ol start=\"11\"><li>\u00c1REA FILOSOF\u00cdA (100%)<\/li><\/ol><ul><li>Filosof\u00eda (Grados D\u00e9cimo y Und\u00e9cimo )<\/li><\/ul><\/div>\n\t\t\t\t<\/div>\n\t\t\t\t<\/div>\n\t\t\t\t\t<\/div>\n\t\t<\/div>\n\t\t\t\t\t\t\t<\/div>\n\t\t<\/section>\n\t\t\t\t\t\t<\/div>\n\t\t\t\t\t<\/div>\n\t\t","protected":false},"excerpt":{"rendered":"<p>\u00c1reas acad\u00e9micas Se definen 11 (once) \u00e1reas donde se incluyen los 5 proyectos obligatorios seg\u00fan art\u00edculos 14 y 23 de la ley 115 de 1994 (Ley General de Educaci\u00f3n), as\u00ed mismo se definen las asignaturas y proyectos que conforman cada \u00e1rea y el porcentaje de cada asignatura dentro del \u00e1rea a la que pertenece, as\u00ed: [&hellip;]<\/p>\n","protected":false},"author":1,"featured_media":0,"parent":0,"menu_order":0,"comment_status":"closed","ping_status":"closed","template":"","meta":{"om_disable_all_campaigns":false},"_links":{"self":[{"href":"https:\/\/neosistemas.edu.co\/ceneosistemas\/index.php\/wp-json\/wp\/v2\/pages\/1157"}],"collection":[{"href":"https:\/\/neosistemas.edu.co\/ceneosistemas\/index.php\/wp-json\/wp\/v2\/pages"}],"about":[{"href":"https:\/\/neosistemas.edu.co\/ceneosistemas\/index.php\/wp-json\/wp\/v2\/types\/page"}],"author":[{"embeddable":true,"href":"https:\/\/neosistemas.edu.co\/ceneosistemas\/index.php\/wp-json\/wp\/v2\/users\/1"}],"replies":[{"embeddable":true,"href":"https:\/\/neosistemas.edu.co\/ceneosistemas\/index.php\/wp-json\/wp\/v2\/comments?post=1157"}],"version-history":[{"count":19,"href":"https:\/\/neosistemas.edu.co\/ceneosistemas\/index.php\/wp-json\/wp\/v2\/pages\/1157\/revisions"}],"predecessor-version":[{"id":3856,"href":"https:\/\/neosistemas.edu.co\/ceneosistemas\/index.php\/wp-json\/wp\/v2\/pages\/1157\/revisions\/3856"}],"wp:attachment":[{"href":"https:\/\/neosistemas.edu.co\/ceneosistemas\/index.php\/wp-json\/wp\/v2\/media?parent=1157"}],"curies":[{"name":"wp","href":"https:\/\/api.w.org\/{rel}","templated":true}]}}