{"id":1172,"date":"2021-05-10T21:31:29","date_gmt":"2021-05-11T02:31:29","guid":{"rendered":"https:\/\/neosistemas.edu.co\/ceneosistemas\/?page_id=1172"},"modified":"2021-05-24T19:43:27","modified_gmt":"2021-05-25T00:43:27","slug":"orientacion-integral","status":"publish","type":"page","link":"https:\/\/neosistemas.edu.co\/ceneosistemas\/index.php\/orientacion-integral\/","title":{"rendered":"Orientaci\u00f3n  integral"},"content":{"rendered":"\t\t<div data-elementor-type=\"wp-page\" data-elementor-id=\"1172\" class=\"elementor elementor-1172\" data-elementor-settings=\"[]\">\n\t\t\t\t\t\t\t<div class=\"elementor-section-wrap\">\n\t\t\t\t\t\t\t<section class=\"elementor-section elementor-top-section elementor-element elementor-element-7e6ad67 elementor-section-boxed elementor-section-height-default elementor-section-height-default\" data-id=\"7e6ad67\" data-element_type=\"section\">\n\t\t\t\t\t\t<div class=\"elementor-container elementor-column-gap-default\">\n\t\t\t\t\t<div class=\"elementor-column elementor-col-100 elementor-top-column elementor-element elementor-element-2c880d8\" data-id=\"2c880d8\" data-element_type=\"column\">\n\t\t\t<div class=\"elementor-widget-wrap elementor-element-populated\">\n\t\t\t\t\t\t\t\t<div class=\"elementor-element elementor-element-86294fa elementor-widget elementor-widget-heading\" data-id=\"86294fa\" data-element_type=\"widget\" data-widget_type=\"heading.default\">\n\t\t\t\t<div class=\"elementor-widget-container\">\n\t\t\t<h2 class=\"elementor-heading-title elementor-size-default\">Orientaci\u00f3n integral<\/h2>\t\t<\/div>\n\t\t\t\t<\/div>\n\t\t\t\t\t<\/div>\n\t\t<\/div>\n\t\t\t\t\t\t\t<\/div>\n\t\t<\/section>\n\t\t\t\t<section class=\"elementor-section elementor-top-section elementor-element elementor-element-3aaf8f2 elementor-section-boxed elementor-section-height-default elementor-section-height-default\" data-id=\"3aaf8f2\" data-element_type=\"section\">\n\t\t\t\t\t\t<div class=\"elementor-container elementor-column-gap-default\">\n\t\t\t\t\t<div class=\"elementor-column elementor-col-100 elementor-top-column elementor-element elementor-element-09467b6\" data-id=\"09467b6\" data-element_type=\"column\">\n\t\t\t<div class=\"elementor-widget-wrap elementor-element-populated\">\n\t\t\t\t\t\t\t\t<div class=\"elementor-element elementor-element-177ff04 elementor-widget elementor-widget-text-editor\" data-id=\"177ff04\" data-element_type=\"widget\" data-widget_type=\"text-editor.default\">\n\t\t\t\t<div class=\"elementor-widget-container\">\n\t\t\t\t\t<div class=\"elementor-text-editor elementor-clearfix\"><p>El psic\u00f3logo en el \u00e1mbito de la educaci\u00f3n es un profesional de la psicolog\u00eda cuyo objetivo es el an\u00e1lisis, reflexi\u00f3n e intervenci\u00f3n sobre el comportamiento humano en situaciones educativas, apoyando a los estudiantes a superar los procesos que afectan al aprendizaje y las dificultades de \u00edndole personal y de relaciones con compa\u00f1eros, familiares (especialmente con padres y hermanos) y profesores. Los psic\u00f3logos tambi\u00e9n asesoran y act\u00faan de refuerzo del personal docente en sus estrategias de ense\u00f1anza, especialmente en el tratamiento de estudiantes con Necesidades Educativas Especiales (NEE).<\/p><\/div>\n\t\t\t\t<\/div>\n\t\t\t\t<\/div>\n\t\t\t\t\t<\/div>\n\t\t<\/div>\n\t\t\t\t\t\t\t<\/div>\n\t\t<\/section>\n\t\t\t\t\t\t<\/div>\n\t\t\t\t\t<\/div>\n\t\t","protected":false},"excerpt":{"rendered":"<p>Orientaci\u00f3n integral El psic\u00f3logo en el \u00e1mbito de la educaci\u00f3n es un profesional de la psicolog\u00eda cuyo objetivo es el an\u00e1lisis, reflexi\u00f3n e intervenci\u00f3n sobre el comportamiento humano en situaciones educativas, apoyando a los estudiantes a superar los procesos que afectan al aprendizaje y las dificultades de \u00edndole personal y de relaciones con compa\u00f1eros, familiares [&hellip;]<\/p>\n","protected":false},"author":1,"featured_media":0,"parent":0,"menu_order":0,"comment_status":"closed","ping_status":"closed","template":"","meta":{"om_disable_all_campaigns":false},"_links":{"self":[{"href":"https:\/\/neosistemas.edu.co\/ceneosistemas\/index.php\/wp-json\/wp\/v2\/pages\/1172"}],"collection":[{"href":"https:\/\/neosistemas.edu.co\/ceneosistemas\/index.php\/wp-json\/wp\/v2\/pages"}],"about":[{"href":"https:\/\/neosistemas.edu.co\/ceneosistemas\/index.php\/wp-json\/wp\/v2\/types\/page"}],"author":[{"embeddable":true,"href":"https:\/\/neosistemas.edu.co\/ceneosistemas\/index.php\/wp-json\/wp\/v2\/users\/1"}],"replies":[{"embeddable":true,"href":"https:\/\/neosistemas.edu.co\/ceneosistemas\/index.php\/wp-json\/wp\/v2\/comments?post=1172"}],"version-history":[{"count":4,"href":"https:\/\/neosistemas.edu.co\/ceneosistemas\/index.php\/wp-json\/wp\/v2\/pages\/1172\/revisions"}],"predecessor-version":[{"id":1333,"href":"https:\/\/neosistemas.edu.co\/ceneosistemas\/index.php\/wp-json\/wp\/v2\/pages\/1172\/revisions\/1333"}],"wp:attachment":[{"href":"https:\/\/neosistemas.edu.co\/ceneosistemas\/index.php\/wp-json\/wp\/v2\/media?parent=1172"}],"curies":[{"name":"wp","href":"https:\/\/api.w.org\/{rel}","templated":true}]}}