{"id":1207,"date":"2021-05-19T19:02:13","date_gmt":"2021-05-20T00:02:13","guid":{"rendered":"https:\/\/neosistemas.edu.co\/ceneosistemas\/?page_id=1207"},"modified":"2025-02-19T06:59:04","modified_gmt":"2025-02-19T11:59:04","slug":"representantes-de-grupo","status":"publish","type":"page","link":"https:\/\/neosistemas.edu.co\/ceneosistemas\/index.php\/representantes-de-grupo\/","title":{"rendered":"Representantes de grupo"},"content":{"rendered":"\t\t<div data-elementor-type=\"wp-page\" data-elementor-id=\"1207\" class=\"elementor elementor-1207\" data-elementor-settings=\"[]\">\n\t\t\t\t\t\t\t<div class=\"elementor-section-wrap\">\n\t\t\t\t\t\t\t<section class=\"elementor-section elementor-top-section elementor-element elementor-element-f4c4ccf elementor-section-boxed elementor-section-height-default elementor-section-height-default\" data-id=\"f4c4ccf\" data-element_type=\"section\">\n\t\t\t\t\t\t<div class=\"elementor-container elementor-column-gap-default\">\n\t\t\t\t\t<div class=\"elementor-column elementor-col-100 elementor-top-column elementor-element elementor-element-5507756\" data-id=\"5507756\" data-element_type=\"column\">\n\t\t\t<div class=\"elementor-widget-wrap elementor-element-populated\">\n\t\t\t\t\t\t\t\t<div class=\"elementor-element elementor-element-9b00007 elementor-widget elementor-widget-text-editor\" data-id=\"9b00007\" data-element_type=\"widget\" data-widget_type=\"text-editor.default\">\n\t\t\t\t<div class=\"elementor-widget-container\">\n\t\t\t\t\t<div class=\"elementor-text-editor elementor-clearfix\"><p><strong>REPRESENTANTES DE GRUPO 2025<\/strong><\/p><p>Transici\u00f3n A: Jacobo Acevedo Cuartas<\/p><p>Transici\u00f3n B: Juan Mart\u00edn Ochoa V\u00e1squez<\/p><p>Primero: Violeta S\u00e1nchez Carmona<\/p><p>Segundo: Violeta S\u00e1nchez Carmona<\/p><p>Tercero: Antonia Rodr\u00edguez Cata\u00f1o<\/p><p>Cuarto: Mar\u00eda Celeste Bernal Valencia<\/p><p>Quinto: Ailyn Valentina Montealegre Meneses<\/p><p>Sexto: Agust\u00edn Higuita Salazar<\/p><p>S\u00e9ptimo: Valeria Su\u00e1rez Monsalve<\/p><p>Octavo: Guillermo Alonso Grajales Manobanda<\/p><p>Noveno: Brian David Borda Giraldo<\/p><p>D\u00e9cimo: Samia Gabriela Vidal Bernal<\/p><p>Und\u00e9cimo: Santiago Londo\u00f1o Zapata<\/p><\/div>\n\t\t\t\t<\/div>\n\t\t\t\t<\/div>\n\t\t\t\t\t<\/div>\n\t\t<\/div>\n\t\t\t\t\t\t\t<\/div>\n\t\t<\/section>\n\t\t\t\t\t\t<\/div>\n\t\t\t\t\t<\/div>\n\t\t","protected":false},"excerpt":{"rendered":"<p>REPRESENTANTES DE GRUPO 2025 Transici\u00f3n A: Jacobo Acevedo Cuartas Transici\u00f3n B: Juan Mart\u00edn Ochoa V\u00e1squez Primero: Violeta S\u00e1nchez Carmona Segundo: Violeta S\u00e1nchez Carmona Tercero: Antonia Rodr\u00edguez Cata\u00f1o Cuarto: Mar\u00eda Celeste Bernal Valencia Quinto: Ailyn Valentina Montealegre Meneses Sexto: Agust\u00edn Higuita Salazar S\u00e9ptimo: Valeria Su\u00e1rez Monsalve Octavo: Guillermo Alonso Grajales Manobanda Noveno: Brian David Borda Giraldo [&hellip;]<\/p>\n","protected":false},"author":1,"featured_media":0,"parent":0,"menu_order":0,"comment_status":"closed","ping_status":"closed","template":"","meta":{"om_disable_all_campaigns":false,"footnotes":""},"class_list":["post-1207","page","type-page","status-publish","hentry"],"_links":{"self":[{"href":"https:\/\/neosistemas.edu.co\/ceneosistemas\/index.php\/wp-json\/wp\/v2\/pages\/1207","targetHints":{"allow":["GET"]}}],"collection":[{"href":"https:\/\/neosistemas.edu.co\/ceneosistemas\/index.php\/wp-json\/wp\/v2\/pages"}],"about":[{"href":"https:\/\/neosistemas.edu.co\/ceneosistemas\/index.php\/wp-json\/wp\/v2\/types\/page"}],"author":[{"embeddable":true,"href":"https:\/\/neosistemas.edu.co\/ceneosistemas\/index.php\/wp-json\/wp\/v2\/users\/1"}],"replies":[{"embeddable":true,"href":"https:\/\/neosistemas.edu.co\/ceneosistemas\/index.php\/wp-json\/wp\/v2\/comments?post=1207"}],"version-history":[{"count":13,"href":"https:\/\/neosistemas.edu.co\/ceneosistemas\/index.php\/wp-json\/wp\/v2\/pages\/1207\/revisions"}],"predecessor-version":[{"id":3902,"href":"https:\/\/neosistemas.edu.co\/ceneosistemas\/index.php\/wp-json\/wp\/v2\/pages\/1207\/revisions\/3902"}],"wp:attachment":[{"href":"https:\/\/neosistemas.edu.co\/ceneosistemas\/index.php\/wp-json\/wp\/v2\/media?parent=1207"}],"curies":[{"name":"wp","href":"https:\/\/api.w.org\/{rel}","templated":true}]}}