{"id":1254,"date":"2021-05-19T20:06:14","date_gmt":"2021-05-20T01:06:14","guid":{"rendered":"https:\/\/neosistemas.edu.co\/ceneosistemas\/?page_id=1254"},"modified":"2025-03-12T07:03:45","modified_gmt":"2025-03-12T12:03:45","slug":"mejor-icfes","status":"publish","type":"page","link":"https:\/\/neosistemas.edu.co\/ceneosistemas\/index.php\/mejor-icfes\/","title":{"rendered":"Mejor ICFES"},"content":{"rendered":"\t\t<div data-elementor-type=\"wp-page\" data-elementor-id=\"1254\" class=\"elementor elementor-1254\" data-elementor-settings=\"[]\">\n\t\t\t\t\t\t\t<div class=\"elementor-section-wrap\">\n\t\t\t\t\t\t\t<section class=\"elementor-section elementor-top-section elementor-element elementor-element-388ad8d elementor-section-boxed elementor-section-height-default elementor-section-height-default\" data-id=\"388ad8d\" data-element_type=\"section\">\n\t\t\t\t\t\t<div class=\"elementor-container elementor-column-gap-default\">\n\t\t\t\t\t<div class=\"elementor-column elementor-col-100 elementor-top-column elementor-element elementor-element-67f0bd2\" data-id=\"67f0bd2\" data-element_type=\"column\">\n\t\t\t<div class=\"elementor-widget-wrap elementor-element-populated\">\n\t\t\t\t\t\t\t\t<div class=\"elementor-element elementor-element-08160ca elementor-widget elementor-widget-text-editor\" data-id=\"08160ca\" data-element_type=\"widget\" data-widget_type=\"text-editor.default\">\n\t\t\t\t<div class=\"elementor-widget-container\">\n\t\t\t\t\t<div class=\"elementor-text-editor elementor-clearfix\"><p><strong>MEJOR PRUEBAS SABER <\/strong><\/p>\n<ul>\n<li><span style=\"font-weight: bolder;\">2024:<\/span>&nbsp;Juan Pablo Bernal V\u00e1squez<\/li>\n<li><span style=\"font-weight: bolder;\">2023:<\/span>&nbsp;Sim\u00f3n Mart\u00ednez Pati\u00f1o<\/li>\n<li><span style=\"font-weight: bolder;\">2022:<\/span>&nbsp;Samuel Cata\u00f1o Cata\u00f1o<\/li>\n<li><span style=\"color: var( --e-global-color-text ); font-family: var( --e-global-typography-text-font-family ), Sans-serif; font-weight: bolder;\">2021:&nbsp;<\/span><span style=\"color: var( --e-global-color-text ); font-family: var( --e-global-typography-text-font-family ), Sans-serif; font-weight: var( --e-global-typography-text-font-weight );\">David Lopera Londo\u00f1o<\/span><\/li>\n<li><span style=\"font-weight: bolder;\">2020:&nbsp;<\/span>C\u00e9sar Luis Hoyos Alzate<\/li>\n<li><span style=\"font-weight: bolder;\">2019:&nbsp;<\/span>Diego Alejandro Congote Saldarriaga<\/li>\n<li><span style=\"font-weight: bolder;\">2018:&nbsp;<\/span>Sof\u00eda Montiel Ochoa<\/li>\n<li><span style=\"font-weight: bolder;\">2017:&nbsp;<\/span>Juan Esteban Londo\u00f1o Zapata<\/li>\n<li><span style=\"font-weight: bolder;\">2016:&nbsp;<\/span>Kevin Saldarriaga Bedoya<\/li>\n<li><span style=\"font-weight: bolder;\">2015:&nbsp;<\/span>Jos\u00e9 Manuel Mu\u00f1oz G\u00f3mez<\/li>\n<li><span style=\"font-weight: bolder;\">2014:&nbsp;<\/span>Carlos Manuel Alzate Rinc\u00f3n<\/li>\n<li><span style=\"font-weight: bolder;\">2013:&nbsp;<\/span>Hern\u00e1n Dar\u00edo Vanegas Madrigal<\/li>\n<li><strong>2012: <\/strong>Carolina Jim\u00e9nez Guti\u00e9rrez<\/li>\n<\/ul><\/div>\n\t\t\t\t<\/div>\n\t\t\t\t<\/div>\n\t\t\t\t\t<\/div>\n\t\t<\/div>\n\t\t\t\t\t\t\t<\/div>\n\t\t<\/section>\n\t\t\t\t\t\t<\/div>\n\t\t\t\t\t<\/div>\n\t\t","protected":false},"excerpt":{"rendered":"<p>MEJOR PRUEBAS SABER 2024:&nbsp;Juan Pablo Bernal V\u00e1squez 2023:&nbsp;Sim\u00f3n Mart\u00ednez Pati\u00f1o 2022:&nbsp;Samuel Cata\u00f1o Cata\u00f1o 2021:&nbsp;David Lopera Londo\u00f1o 2020:&nbsp;C\u00e9sar Luis Hoyos Alzate 2019:&nbsp;Diego Alejandro Congote Saldarriaga 2018:&nbsp;Sof\u00eda Montiel Ochoa 2017:&nbsp;Juan Esteban Londo\u00f1o Zapata 2016:&nbsp;Kevin Saldarriaga Bedoya 2015:&nbsp;Jos\u00e9 Manuel Mu\u00f1oz G\u00f3mez 2014:&nbsp;Carlos Manuel Alzate Rinc\u00f3n 2013:&nbsp;Hern\u00e1n Dar\u00edo Vanegas Madrigal 2012: Carolina Jim\u00e9nez Guti\u00e9rrez<\/p>\n","protected":false},"author":1,"featured_media":0,"parent":0,"menu_order":0,"comment_status":"closed","ping_status":"closed","template":"","meta":{"om_disable_all_campaigns":false},"_links":{"self":[{"href":"https:\/\/neosistemas.edu.co\/ceneosistemas\/index.php\/wp-json\/wp\/v2\/pages\/1254"}],"collection":[{"href":"https:\/\/neosistemas.edu.co\/ceneosistemas\/index.php\/wp-json\/wp\/v2\/pages"}],"about":[{"href":"https:\/\/neosistemas.edu.co\/ceneosistemas\/index.php\/wp-json\/wp\/v2\/types\/page"}],"author":[{"embeddable":true,"href":"https:\/\/neosistemas.edu.co\/ceneosistemas\/index.php\/wp-json\/wp\/v2\/users\/1"}],"replies":[{"embeddable":true,"href":"https:\/\/neosistemas.edu.co\/ceneosistemas\/index.php\/wp-json\/wp\/v2\/comments?post=1254"}],"version-history":[{"count":20,"href":"https:\/\/neosistemas.edu.co\/ceneosistemas\/index.php\/wp-json\/wp\/v2\/pages\/1254\/revisions"}],"predecessor-version":[{"id":3968,"href":"https:\/\/neosistemas.edu.co\/ceneosistemas\/index.php\/wp-json\/wp\/v2\/pages\/1254\/revisions\/3968"}],"wp:attachment":[{"href":"https:\/\/neosistemas.edu.co\/ceneosistemas\/index.php\/wp-json\/wp\/v2\/media?parent=1254"}],"curies":[{"name":"wp","href":"https:\/\/api.w.org\/{rel}","templated":true}]}}