{"id":1476,"date":"2021-05-24T22:48:37","date_gmt":"2021-05-25T03:48:37","guid":{"rendered":"https:\/\/neosistemas.edu.co\/ceneosistemas\/?page_id=1476"},"modified":"2023-05-11T08:26:53","modified_gmt":"2023-05-11T13:26:53","slug":"estudia-con-nosotros","status":"publish","type":"page","link":"https:\/\/neosistemas.edu.co\/ceneosistemas\/index.php\/estudia-con-nosotros\/","title":{"rendered":"Estudia con nosotros"},"content":{"rendered":"\t\t<div data-elementor-type=\"wp-page\" data-elementor-id=\"1476\" class=\"elementor elementor-1476\" data-elementor-settings=\"[]\">\n\t\t\t\t\t\t\t<div class=\"elementor-section-wrap\">\n\t\t\t\t\t\t\t<section class=\"elementor-section elementor-top-section elementor-element elementor-element-9e50a04 elementor-section-boxed elementor-section-height-default elementor-section-height-default\" data-id=\"9e50a04\" data-element_type=\"section\">\n\t\t\t\t\t\t<div class=\"elementor-container elementor-column-gap-default\">\n\t\t\t\t\t<div class=\"elementor-column elementor-col-100 elementor-top-column elementor-element elementor-element-fea2b0c\" data-id=\"fea2b0c\" data-element_type=\"column\">\n\t\t\t<div class=\"elementor-widget-wrap elementor-element-populated\">\n\t\t\t\t\t\t\t\t<div class=\"elementor-element elementor-element-deae337 elementor-widget elementor-widget-heading\" data-id=\"deae337\" data-element_type=\"widget\" data-widget_type=\"heading.default\">\n\t\t\t\t<div class=\"elementor-widget-container\">\n\t\t\t<h2 class=\"elementor-heading-title elementor-size-default\">Proceso de Admisi\u00f3n\n<\/h2>\t\t<\/div>\n\t\t\t\t<\/div>\n\t\t\t\t\t<\/div>\n\t\t<\/div>\n\t\t\t\t\t\t\t<\/div>\n\t\t<\/section>\n\t\t\t\t<section class=\"elementor-section elementor-top-section elementor-element elementor-element-8395854 elementor-section-boxed elementor-section-height-default elementor-section-height-default\" data-id=\"8395854\" data-element_type=\"section\">\n\t\t\t\t\t\t<div class=\"elementor-container elementor-column-gap-default\">\n\t\t\t\t\t<div class=\"elementor-column elementor-col-100 elementor-top-column elementor-element elementor-element-21a58cf\" data-id=\"21a58cf\" data-element_type=\"column\">\n\t\t\t<div class=\"elementor-widget-wrap elementor-element-populated\">\n\t\t\t\t\t\t\t\t<div class=\"elementor-element elementor-element-217a0aa elementor-widget elementor-widget-heading\" data-id=\"217a0aa\" data-element_type=\"widget\" data-widget_type=\"heading.default\">\n\t\t\t\t<div class=\"elementor-widget-container\">\n\t\t\t<h2 class=\"elementor-heading-title elementor-size-default\">\n\u00bfC\u00f3mo hacer parte de la familia Neosistemas?<\/h2>\t\t<\/div>\n\t\t\t\t<\/div>\n\t\t\t\t\t<\/div>\n\t\t<\/div>\n\t\t\t\t\t\t\t<\/div>\n\t\t<\/section>\n\t\t\t\t<section class=\"elementor-section elementor-top-section elementor-element elementor-element-9f35d3b elementor-section-boxed elementor-section-height-default elementor-section-height-default\" data-id=\"9f35d3b\" data-element_type=\"section\">\n\t\t\t\t\t\t<div class=\"elementor-container elementor-column-gap-default\">\n\t\t\t\t\t<div class=\"elementor-column elementor-col-100 elementor-top-column elementor-element elementor-element-89be497\" data-id=\"89be497\" data-element_type=\"column\">\n\t\t\t<div class=\"elementor-widget-wrap elementor-element-populated\">\n\t\t\t\t\t\t\t\t<div class=\"elementor-element elementor-element-2bcf5c7 elementor-widget elementor-widget-image\" data-id=\"2bcf5c7\" data-element_type=\"widget\" data-widget_type=\"image.default\">\n\t\t\t\t<div class=\"elementor-widget-container\">\n\t\t\t\t\t<div class=\"elementor-image\">\n\t\t\t\t\t\t\t\t\t\t<img loading=\"lazy\" decoding=\"async\" width=\"640\" height=\"278\" src=\"https:\/\/neosistemas.edu.co\/ceneosistemas\/wp-content\/uploads\/2023\/05\/Familia_neo-768x333.png\" class=\"attachment-medium_large size-medium_large\" alt=\"\" srcset=\"https:\/\/neosistemas.edu.co\/ceneosistemas\/wp-content\/uploads\/2023\/05\/Familia_neo-768x333.png 768w, https:\/\/neosistemas.edu.co\/ceneosistemas\/wp-content\/uploads\/2023\/05\/Familia_neo-300x130.png 300w, https:\/\/neosistemas.edu.co\/ceneosistemas\/wp-content\/uploads\/2023\/05\/Familia_neo.png 831w\" sizes=\"auto, (max-width: 640px) 100vw, 640px\" \/>\t\t\t\t\t\t\t\t\t\t\t<\/div>\n\t\t\t\t<\/div>\n\t\t\t\t<\/div>\n\t\t\t\t\t<\/div>\n\t\t<\/div>\n\t\t\t\t\t\t\t<\/div>\n\t\t<\/section>\n\t\t\t\t<section class=\"elementor-section elementor-top-section elementor-element elementor-element-9cbbc4b elementor-section-boxed elementor-section-height-default elementor-section-height-default\" data-id=\"9cbbc4b\" data-element_type=\"section\">\n\t\t\t\t\t\t<div class=\"elementor-container elementor-column-gap-default\">\n\t\t\t\t\t<div class=\"elementor-column elementor-col-100 elementor-top-column elementor-element elementor-element-3887bf0\" data-id=\"3887bf0\" data-element_type=\"column\">\n\t\t\t<div class=\"elementor-widget-wrap elementor-element-populated\">\n\t\t\t\t\t\t\t\t<div class=\"elementor-element elementor-element-b9837c3 elementor-widget elementor-widget-text-editor\" data-id=\"b9837c3\" data-element_type=\"widget\" data-widget_type=\"text-editor.default\">\n\t\t\t\t<div class=\"elementor-widget-container\">\n\t\t\t\t\t<div class=\"elementor-text-editor elementor-clearfix\"><p><strong>Agradecemos su inter\u00e9s en pertenecer a la Familia Neosistemas.<\/strong><br \/><strong>Para realizar correctamente el proceso te informamos que las inscripciones est\u00e1n abiertas<\/strong><br \/><strong>para los niveles de jard\u00edn y transici\u00f3n (preescolar) y los grados de primero a noveno, te<\/strong><br \/><strong>recomendamos tener en cuenta los siguientes pasos.<\/strong><\/p><\/div>\n\t\t\t\t<\/div>\n\t\t\t\t<\/div>\n\t\t\t\t\t<\/div>\n\t\t<\/div>\n\t\t\t\t\t\t\t<\/div>\n\t\t<\/section>\n\t\t\t\t<section class=\"elementor-section elementor-top-section elementor-element elementor-element-1172312 elementor-section-boxed elementor-section-height-default elementor-section-height-default\" data-id=\"1172312\" data-element_type=\"section\">\n\t\t\t\t\t\t<div class=\"elementor-container elementor-column-gap-default\">\n\t\t\t\t\t<div class=\"elementor-column elementor-col-100 elementor-top-column elementor-element elementor-element-72ef61b\" data-id=\"72ef61b\" data-element_type=\"column\">\n\t\t\t<div class=\"elementor-widget-wrap elementor-element-populated\">\n\t\t\t\t\t\t\t\t<div class=\"elementor-element elementor-element-37ced6a elementor-widget elementor-widget-text-editor\" data-id=\"37ced6a\" data-element_type=\"widget\" data-widget_type=\"text-editor.default\">\n\t\t\t\t<div class=\"elementor-widget-container\">\n\t\t\t\t\t<div class=\"elementor-text-editor elementor-clearfix\"><p><strong>PASO 1: SOLICITA EL FORMULARIO DE INSCRIPCI\u00d3N.<\/strong><\/p><\/div>\n\t\t\t\t<\/div>\n\t\t\t\t<\/div>\n\t\t\t\t\t<\/div>\n\t\t<\/div>\n\t\t\t\t\t\t\t<\/div>\n\t\t<\/section>\n\t\t\t\t<section class=\"elementor-section elementor-top-section elementor-element elementor-element-45a6a00 elementor-section-boxed elementor-section-height-default elementor-section-height-default\" data-id=\"45a6a00\" data-element_type=\"section\">\n\t\t\t\t\t\t<div class=\"elementor-container elementor-column-gap-default\">\n\t\t\t\t\t<div class=\"elementor-column elementor-col-100 elementor-top-column elementor-element elementor-element-1f8efad\" data-id=\"1f8efad\" data-element_type=\"column\">\n\t\t\t<div class=\"elementor-widget-wrap elementor-element-populated\">\n\t\t\t\t\t\t\t\t<div class=\"elementor-element elementor-element-5bb11a0 elementor-widget elementor-widget-text-editor\" data-id=\"5bb11a0\" data-element_type=\"widget\" data-widget_type=\"text-editor.default\">\n\t\t\t\t<div class=\"elementor-widget-container\">\n\t\t\t\t\t<div class=\"elementor-text-editor elementor-clearfix\"><p>Ponte en contacto con la Coordinaci\u00f3n General ubicada en el municipio de Girardota (Antioquia) en la<br \/>carrera 17 Nro. 7 \u2013 191 donde te brindaremos informaci\u00f3n inicial y entregaremos formulario para<br \/>diligenciar.<br \/>Tel\u00e9fono fijo: 604 289 7804, m\u00f3vil 311 608 7926, E-mail: general@neosistemas.edu.co<\/p><\/div>\n\t\t\t\t<\/div>\n\t\t\t\t<\/div>\n\t\t\t\t\t<\/div>\n\t\t<\/div>\n\t\t\t\t\t\t\t<\/div>\n\t\t<\/section>\n\t\t\t\t<section class=\"elementor-section elementor-top-section elementor-element elementor-element-fc278d7 elementor-section-boxed elementor-section-height-default elementor-section-height-default\" data-id=\"fc278d7\" data-element_type=\"section\">\n\t\t\t\t\t\t<div class=\"elementor-container elementor-column-gap-default\">\n\t\t\t\t\t<div class=\"elementor-column elementor-col-100 elementor-top-column elementor-element elementor-element-ebe8769\" data-id=\"ebe8769\" data-element_type=\"column\">\n\t\t\t<div class=\"elementor-widget-wrap elementor-element-populated\">\n\t\t\t\t\t\t\t\t<div class=\"elementor-element elementor-element-02730e2 elementor-widget elementor-widget-text-editor\" data-id=\"02730e2\" data-element_type=\"widget\" data-widget_type=\"text-editor.default\">\n\t\t\t\t<div class=\"elementor-widget-container\">\n\t\t\t\t\t<div class=\"elementor-text-editor elementor-clearfix\"><p><strong>PASO 2: DILIGENCIA Y RETORNA FORMULARIO CON DOCUMENTOS.<\/strong><\/p><\/div>\n\t\t\t\t<\/div>\n\t\t\t\t<\/div>\n\t\t\t\t\t<\/div>\n\t\t<\/div>\n\t\t\t\t\t\t\t<\/div>\n\t\t<\/section>\n\t\t\t\t<section class=\"elementor-section elementor-top-section elementor-element elementor-element-69dac39 elementor-section-boxed elementor-section-height-default elementor-section-height-default\" data-id=\"69dac39\" data-element_type=\"section\">\n\t\t\t\t\t\t<div class=\"elementor-container elementor-column-gap-default\">\n\t\t\t\t\t<div class=\"elementor-column elementor-col-100 elementor-top-column elementor-element elementor-element-9c33656\" data-id=\"9c33656\" data-element_type=\"column\">\n\t\t\t<div class=\"elementor-widget-wrap elementor-element-populated\">\n\t\t\t\t\t\t\t\t<div class=\"elementor-element elementor-element-08c3e5f elementor-widget elementor-widget-text-editor\" data-id=\"08c3e5f\" data-element_type=\"widget\" data-widget_type=\"text-editor.default\">\n\t\t\t\t<div class=\"elementor-widget-container\">\n\t\t\t\t\t<div class=\"elementor-text-editor elementor-clearfix\"><p>Si aceptas iniciar el proceso te solicitaremos que diligencies la informaci\u00f3n del formulario y adjuntando<br \/>los documentos necesarios: Foto a color 3X4 de ni\u00f1o o joven aspirante, fotocopia del documento de<br \/>identidad del aspirante, copia del observador del \u00faltimo colegio. El inicio del proceso se formaliza con<br \/>la devoluci\u00f3n del formulario debidamente diligenciado con sus anexos y el pago del formulario de<br \/>inscripci\u00f3n (dinero que no ser\u00e1 devuelto independiente de la decisi\u00f3n que se tome por parte de<br \/>Neosistemas durante el proceso).<\/p><\/div>\n\t\t\t\t<\/div>\n\t\t\t\t<\/div>\n\t\t\t\t\t<\/div>\n\t\t<\/div>\n\t\t\t\t\t\t\t<\/div>\n\t\t<\/section>\n\t\t\t\t<section class=\"elementor-section elementor-top-section elementor-element elementor-element-8ef76c3 elementor-section-boxed elementor-section-height-default elementor-section-height-default\" data-id=\"8ef76c3\" data-element_type=\"section\">\n\t\t\t\t\t\t<div class=\"elementor-container elementor-column-gap-default\">\n\t\t\t\t\t<div class=\"elementor-column elementor-col-100 elementor-top-column elementor-element elementor-element-4fd2859\" data-id=\"4fd2859\" data-element_type=\"column\">\n\t\t\t<div class=\"elementor-widget-wrap elementor-element-populated\">\n\t\t\t\t\t\t\t\t<div class=\"elementor-element elementor-element-09f9b99 elementor-widget elementor-widget-text-editor\" data-id=\"09f9b99\" data-element_type=\"widget\" data-widget_type=\"text-editor.default\">\n\t\t\t\t<div class=\"elementor-widget-container\">\n\t\t\t\t\t<div class=\"elementor-text-editor elementor-clearfix\"><p><strong>PASO 3: ASISTE A LA ENTREVISTA AL DEPARTAMENTO DE PSICOLOG\u00cdA.<\/strong><\/p><\/div>\n\t\t\t\t<\/div>\n\t\t\t\t<\/div>\n\t\t\t\t\t<\/div>\n\t\t<\/div>\n\t\t\t\t\t\t\t<\/div>\n\t\t<\/section>\n\t\t\t\t<section class=\"elementor-section elementor-top-section elementor-element elementor-element-0cd3129 elementor-section-boxed elementor-section-height-default elementor-section-height-default\" data-id=\"0cd3129\" data-element_type=\"section\">\n\t\t\t\t\t\t<div class=\"elementor-container elementor-column-gap-default\">\n\t\t\t\t\t<div class=\"elementor-column elementor-col-100 elementor-top-column elementor-element elementor-element-3bf0127\" data-id=\"3bf0127\" data-element_type=\"column\">\n\t\t\t<div class=\"elementor-widget-wrap elementor-element-populated\">\n\t\t\t\t\t\t\t\t<div class=\"elementor-element elementor-element-7a0c729 elementor-widget elementor-widget-text-editor\" data-id=\"7a0c729\" data-element_type=\"widget\" data-widget_type=\"text-editor.default\">\n\t\t\t\t<div class=\"elementor-widget-container\">\n\t\t\t\t\t<div class=\"elementor-text-editor elementor-clearfix\"><p>Agendaremos una reuni\u00f3n con el Psicoorientador, el Rector, el aspirante y sus padres. Esta reuni\u00f3n<br \/>tiene varios momentos el mismo d\u00eda donde se finaliza con una visita guiada por las instalaciones del<br \/>colegio.<\/p><\/div>\n\t\t\t\t<\/div>\n\t\t\t\t<\/div>\n\t\t\t\t\t<\/div>\n\t\t<\/div>\n\t\t\t\t\t\t\t<\/div>\n\t\t<\/section>\n\t\t\t\t<section class=\"elementor-section elementor-top-section elementor-element elementor-element-8a5ee7a elementor-section-boxed elementor-section-height-default elementor-section-height-default\" data-id=\"8a5ee7a\" data-element_type=\"section\">\n\t\t\t\t\t\t<div class=\"elementor-container elementor-column-gap-default\">\n\t\t\t\t\t<div class=\"elementor-column elementor-col-100 elementor-top-column elementor-element elementor-element-8852db5\" data-id=\"8852db5\" data-element_type=\"column\">\n\t\t\t<div class=\"elementor-widget-wrap elementor-element-populated\">\n\t\t\t\t\t\t\t\t<div class=\"elementor-element elementor-element-fa828df elementor-widget elementor-widget-text-editor\" data-id=\"fa828df\" data-element_type=\"widget\" data-widget_type=\"text-editor.default\">\n\t\t\t\t<div class=\"elementor-widget-container\">\n\t\t\t\t\t<div class=\"elementor-text-editor elementor-clearfix\"><p><strong>PASO 4: VERIFICACI\u00d3N DE RESULTADOS.<\/strong><\/p><\/div>\n\t\t\t\t<\/div>\n\t\t\t\t<\/div>\n\t\t\t\t\t<\/div>\n\t\t<\/div>\n\t\t\t\t\t\t\t<\/div>\n\t\t<\/section>\n\t\t\t\t<section class=\"elementor-section elementor-top-section elementor-element elementor-element-124a86c elementor-section-boxed elementor-section-height-default elementor-section-height-default\" data-id=\"124a86c\" data-element_type=\"section\">\n\t\t\t\t\t\t<div class=\"elementor-container elementor-column-gap-default\">\n\t\t\t\t\t<div class=\"elementor-column elementor-col-100 elementor-top-column elementor-element elementor-element-b64062b\" data-id=\"b64062b\" data-element_type=\"column\">\n\t\t\t<div class=\"elementor-widget-wrap elementor-element-populated\">\n\t\t\t\t\t\t\t\t<div class=\"elementor-element elementor-element-55e85be elementor-widget elementor-widget-text-editor\" data-id=\"55e85be\" data-element_type=\"widget\" data-widget_type=\"text-editor.default\">\n\t\t\t\t<div class=\"elementor-widget-container\">\n\t\t\t\t\t<div class=\"elementor-text-editor elementor-clearfix\"><p>Una vez finalizada la entrevista y devuelto el formulario de inscripci\u00f3n, se programa reuni\u00f3n de grupo<br \/>primario (Rector, Psic\u00f3logo y Coordinadores) para verificar en primera instancia la disponibilidad de<br \/>cupos y el n\u00famero de solicitudes para cada grado o nivel, ordenar las solicitudes seg\u00fan el n\u00famero de<br \/>aspirantes y orden de entrega. Si el resultado del proceso es positivo se asignan los cupos seg\u00fan<br \/>criterios de la entrevista, concepto del grupo primario y aspectos generales que tenemos en cuenta<br \/>seg\u00fan nuestro PEI. En todo caso se informar\u00e1 a cada familia de la decisi\u00f3n tomada.<\/p><\/div>\n\t\t\t\t<\/div>\n\t\t\t\t<\/div>\n\t\t\t\t\t<\/div>\n\t\t<\/div>\n\t\t\t\t\t\t\t<\/div>\n\t\t<\/section>\n\t\t\t\t<section class=\"elementor-section elementor-top-section elementor-element elementor-element-ce79945 elementor-section-boxed elementor-section-height-default elementor-section-height-default\" data-id=\"ce79945\" data-element_type=\"section\">\n\t\t\t\t\t\t<div class=\"elementor-container elementor-column-gap-default\">\n\t\t\t\t\t<div class=\"elementor-column elementor-col-100 elementor-top-column elementor-element elementor-element-3d184ab\" data-id=\"3d184ab\" data-element_type=\"column\">\n\t\t\t<div class=\"elementor-widget-wrap elementor-element-populated\">\n\t\t\t\t\t\t\t\t<div class=\"elementor-element elementor-element-beb5573 elementor-widget elementor-widget-text-editor\" data-id=\"beb5573\" data-element_type=\"widget\" data-widget_type=\"text-editor.default\">\n\t\t\t\t<div class=\"elementor-widget-container\">\n\t\t\t\t\t<div class=\"elementor-text-editor elementor-clearfix\"><p><strong>PASO 5: PARTICIPA EN LA REUNI\u00d3N INFORMATIVA CON LAS FAMILIAS<\/strong><br \/><strong>SELECIONADAS.<\/strong><\/p><\/div>\n\t\t\t\t<\/div>\n\t\t\t\t<\/div>\n\t\t\t\t\t<\/div>\n\t\t<\/div>\n\t\t\t\t\t\t\t<\/div>\n\t\t<\/section>\n\t\t\t\t<section class=\"elementor-section elementor-top-section elementor-element elementor-element-aaa05e5 elementor-section-boxed elementor-section-height-default elementor-section-height-default\" data-id=\"aaa05e5\" data-element_type=\"section\">\n\t\t\t\t\t\t<div class=\"elementor-container elementor-column-gap-default\">\n\t\t\t\t\t<div class=\"elementor-column elementor-col-100 elementor-top-column elementor-element elementor-element-22d4446\" data-id=\"22d4446\" data-element_type=\"column\">\n\t\t\t<div class=\"elementor-widget-wrap elementor-element-populated\">\n\t\t\t\t\t\t\t\t<div class=\"elementor-element elementor-element-e83a50c elementor-widget elementor-widget-text-editor\" data-id=\"e83a50c\" data-element_type=\"widget\" data-widget_type=\"text-editor.default\">\n\t\t\t\t<div class=\"elementor-widget-container\">\n\t\t\t\t\t<div class=\"elementor-text-editor elementor-clearfix\"><p>Si aceptan la oferta, existen cupos disponibles y es superado el proceso, las familias ser\u00e1n convocadas<br \/>a una reuni\u00f3n general informativa donde ser\u00e1n puestas en contexto de los pormenores para iniciar<br \/>proceso de matr\u00edcula y asegurar la plaza del estudiante en el colegio.<\/p><\/div>\n\t\t\t\t<\/div>\n\t\t\t\t<\/div>\n\t\t\t\t\t<\/div>\n\t\t<\/div>\n\t\t\t\t\t\t\t<\/div>\n\t\t<\/section>\n\t\t\t\t<section class=\"elementor-section elementor-top-section elementor-element elementor-element-c1e9ca1 elementor-section-boxed elementor-section-height-default elementor-section-height-default\" data-id=\"c1e9ca1\" data-element_type=\"section\">\n\t\t\t\t\t\t<div class=\"elementor-container elementor-column-gap-default\">\n\t\t\t\t\t<div class=\"elementor-column elementor-col-100 elementor-top-column elementor-element elementor-element-f73b01b\" data-id=\"f73b01b\" data-element_type=\"column\">\n\t\t\t<div class=\"elementor-widget-wrap elementor-element-populated\">\n\t\t\t\t\t\t\t\t<div class=\"elementor-element elementor-element-9fc53b5 elementor-widget elementor-widget-text-editor\" data-id=\"9fc53b5\" data-element_type=\"widget\" data-widget_type=\"text-editor.default\">\n\t\t\t\t<div class=\"elementor-widget-container\">\n\t\t\t\t\t<div class=\"elementor-text-editor elementor-clearfix\"><p><strong>PASO 6: PASANT\u00cdA CON ESTUDIANTES ADMITIDOS.<\/strong><\/p><\/div>\n\t\t\t\t<\/div>\n\t\t\t\t<\/div>\n\t\t\t\t\t<\/div>\n\t\t<\/div>\n\t\t\t\t\t\t\t<\/div>\n\t\t<\/section>\n\t\t\t\t<section class=\"elementor-section elementor-top-section elementor-element elementor-element-6897200 elementor-section-boxed elementor-section-height-default elementor-section-height-default\" data-id=\"6897200\" data-element_type=\"section\">\n\t\t\t\t\t\t<div class=\"elementor-container elementor-column-gap-default\">\n\t\t\t\t\t<div class=\"elementor-column elementor-col-100 elementor-top-column elementor-element elementor-element-37ebf98\" data-id=\"37ebf98\" data-element_type=\"column\">\n\t\t\t<div class=\"elementor-widget-wrap elementor-element-populated\">\n\t\t\t\t\t\t\t\t<div class=\"elementor-element elementor-element-71ca725 elementor-widget elementor-widget-text-editor\" data-id=\"71ca725\" data-element_type=\"widget\" data-widget_type=\"text-editor.default\">\n\t\t\t\t<div class=\"elementor-widget-container\">\n\t\t\t\t\t<div class=\"elementor-text-editor elementor-clearfix\"><p>Los estudiantes admitidos y que han asegurado el cupo con el proceso de matr\u00edcula, estar\u00e1n una<br \/>jornada completa en las instalaciones del colegio con los docentes y actividades seg\u00fan grado y nivel,<br \/>en esta se realizar\u00e1 un diagn\u00f3stico general disciplinario y acad\u00e9mico y se generar\u00e1n de ser necesario<br \/>recomendaciones y planes de mejora.<\/p><\/div>\n\t\t\t\t<\/div>\n\t\t\t\t<\/div>\n\t\t\t\t\t<\/div>\n\t\t<\/div>\n\t\t\t\t\t\t\t<\/div>\n\t\t<\/section>\n\t\t\t\t<section class=\"elementor-section elementor-top-section elementor-element elementor-element-4ccc9b3 elementor-section-boxed elementor-section-height-default elementor-section-height-default\" data-id=\"4ccc9b3\" data-element_type=\"section\">\n\t\t\t\t\t\t<div class=\"elementor-container elementor-column-gap-default\">\n\t\t\t\t\t<div class=\"elementor-column elementor-col-100 elementor-top-column elementor-element elementor-element-da06bfd\" data-id=\"da06bfd\" data-element_type=\"column\">\n\t\t\t<div class=\"elementor-widget-wrap elementor-element-populated\">\n\t\t\t\t\t\t\t\t<div class=\"elementor-element elementor-element-90e2e20 elementor-widget elementor-widget-image\" data-id=\"90e2e20\" data-element_type=\"widget\" data-widget_type=\"image.default\">\n\t\t\t\t<div class=\"elementor-widget-container\">\n\t\t\t\t\t<div class=\"elementor-image\">\n\t\t\t\t\t\t\t\t\t\t\t<a href=\"https:\/\/wa.me\/3116087926\" target=\"_blank\">\n\t\t\t\t\t\t\t<img loading=\"lazy\" decoding=\"async\" width=\"364\" height=\"138\" src=\"https:\/\/neosistemas.edu.co\/ceneosistemas\/wp-content\/uploads\/2023\/05\/what.png\" class=\"attachment-large size-large\" alt=\"\" srcset=\"https:\/\/neosistemas.edu.co\/ceneosistemas\/wp-content\/uploads\/2023\/05\/what.png 364w, https:\/\/neosistemas.edu.co\/ceneosistemas\/wp-content\/uploads\/2023\/05\/what-300x114.png 300w\" sizes=\"auto, (max-width: 364px) 100vw, 364px\" \/>\t\t\t\t\t\t\t\t<\/a>\n\t\t\t\t\t\t\t\t\t\t\t<\/div>\n\t\t\t\t<\/div>\n\t\t\t\t<\/div>\n\t\t\t\t\t<\/div>\n\t\t<\/div>\n\t\t\t\t\t\t\t<\/div>\n\t\t<\/section>\n\t\t\t\t\t\t<\/div>\n\t\t\t\t\t<\/div>\n\t\t","protected":false},"excerpt":{"rendered":"<p>Proceso de Admisi\u00f3n \u00bfC\u00f3mo hacer parte de la familia Neosistemas? Agradecemos su inter\u00e9s en pertenecer a la Familia Neosistemas.Para realizar correctamente el proceso te informamos que las inscripciones est\u00e1n abiertaspara los niveles de jard\u00edn y transici\u00f3n (preescolar) y los grados de primero a noveno, terecomendamos tener en cuenta los siguientes pasos. PASO 1: SOLICITA EL [&hellip;]<\/p>\n","protected":false},"author":1,"featured_media":0,"parent":0,"menu_order":0,"comment_status":"closed","ping_status":"closed","template":"","meta":{"om_disable_all_campaigns":false,"footnotes":""},"class_list":["post-1476","page","type-page","status-publish","hentry"],"_links":{"self":[{"href":"https:\/\/neosistemas.edu.co\/ceneosistemas\/index.php\/wp-json\/wp\/v2\/pages\/1476","targetHints":{"allow":["GET"]}}],"collection":[{"href":"https:\/\/neosistemas.edu.co\/ceneosistemas\/index.php\/wp-json\/wp\/v2\/pages"}],"about":[{"href":"https:\/\/neosistemas.edu.co\/ceneosistemas\/index.php\/wp-json\/wp\/v2\/types\/page"}],"author":[{"embeddable":true,"href":"https:\/\/neosistemas.edu.co\/ceneosistemas\/index.php\/wp-json\/wp\/v2\/users\/1"}],"replies":[{"embeddable":true,"href":"https:\/\/neosistemas.edu.co\/ceneosistemas\/index.php\/wp-json\/wp\/v2\/comments?post=1476"}],"version-history":[{"count":25,"href":"https:\/\/neosistemas.edu.co\/ceneosistemas\/index.php\/wp-json\/wp\/v2\/pages\/1476\/revisions"}],"predecessor-version":[{"id":2995,"href":"https:\/\/neosistemas.edu.co\/ceneosistemas\/index.php\/wp-json\/wp\/v2\/pages\/1476\/revisions\/2995"}],"wp:attachment":[{"href":"https:\/\/neosistemas.edu.co\/ceneosistemas\/index.php\/wp-json\/wp\/v2\/media?parent=1476"}],"curies":[{"name":"wp","href":"https:\/\/api.w.org\/{rel}","templated":true}]}}