{"id":258,"date":"2021-04-17T23:20:59","date_gmt":"2021-04-17T23:20:59","guid":{"rendered":"https:\/\/neosistemas.edu.co\/ceneosistemas\/?page_id=258"},"modified":"2021-04-17T23:34:04","modified_gmt":"2021-04-17T23:34:04","slug":"politicas-de-calidad","status":"publish","type":"page","link":"https:\/\/neosistemas.edu.co\/ceneosistemas\/index.php\/politicas-de-calidad\/","title":{"rendered":"Pol\u00edticas de calidad"},"content":{"rendered":"\t\t<div data-elementor-type=\"wp-page\" data-elementor-id=\"258\" class=\"elementor elementor-258\" data-elementor-settings=\"[]\">\n\t\t\t\t\t\t\t<div class=\"elementor-section-wrap\">\n\t\t\t\t\t\t\t<section class=\"elementor-section elementor-top-section elementor-element elementor-element-4897470 elementor-section-boxed elementor-section-height-default elementor-section-height-default\" data-id=\"4897470\" data-element_type=\"section\">\n\t\t\t\t\t\t<div class=\"elementor-container elementor-column-gap-default\">\n\t\t\t\t\t<div class=\"elementor-column elementor-col-100 elementor-top-column elementor-element elementor-element-166bee1\" data-id=\"166bee1\" data-element_type=\"column\">\n\t\t\t<div class=\"elementor-widget-wrap elementor-element-populated\">\n\t\t\t\t\t\t\t\t<div class=\"elementor-element elementor-element-6621ce7 elementor-widget elementor-widget-heading\" data-id=\"6621ce7\" data-element_type=\"widget\" data-widget_type=\"heading.default\">\n\t\t\t\t<div class=\"elementor-widget-container\">\n\t\t\t<h2 class=\"elementor-heading-title elementor-size-default\">POL\u00cdTICAS DE CALIDAD<\/h2>\t\t<\/div>\n\t\t\t\t<\/div>\n\t\t\t\t\t<\/div>\n\t\t<\/div>\n\t\t\t\t\t\t\t<\/div>\n\t\t<\/section>\n\t\t\t\t<section class=\"elementor-section elementor-top-section elementor-element elementor-element-89d9cff elementor-section-boxed elementor-section-height-default elementor-section-height-default\" data-id=\"89d9cff\" data-element_type=\"section\">\n\t\t\t\t\t\t<div class=\"elementor-container elementor-column-gap-default\">\n\t\t\t\t\t<div class=\"elementor-column elementor-col-100 elementor-top-column elementor-element elementor-element-79c8872\" data-id=\"79c8872\" data-element_type=\"column\">\n\t\t\t<div class=\"elementor-widget-wrap elementor-element-populated\">\n\t\t\t\t\t\t\t\t<div class=\"elementor-element elementor-element-bb2e749 elementor-widget elementor-widget-text-editor\" data-id=\"bb2e749\" data-element_type=\"widget\" data-widget_type=\"text-editor.default\">\n\t\t\t\t<div class=\"elementor-widget-container\">\n\t\t\t\t\t<div class=\"elementor-text-editor elementor-clearfix\"><p>El Centro Educativo Neosistemas desarrolla la formaci\u00f3n integral soportada en los principios de inteligencia, superaci\u00f3n y paz; para el logro de nuestro prop\u00f3sito disponemos de un talento humano competente que busca satisfacer las necesidades y expectativas de la comunidad y partes interesadas haciendo de la mejora continua un estilo organizacional.<\/p><\/div>\n\t\t\t\t<\/div>\n\t\t\t\t<\/div>\n\t\t\t\t\t<\/div>\n\t\t<\/div>\n\t\t\t\t\t\t\t<\/div>\n\t\t<\/section>\n\t\t\t\t\t\t<\/div>\n\t\t\t\t\t<\/div>\n\t\t","protected":false},"excerpt":{"rendered":"<p>POL\u00cdTICAS DE CALIDAD El Centro Educativo Neosistemas desarrolla la formaci\u00f3n integral soportada en los principios de inteligencia, superaci\u00f3n y paz; para el logro de nuestro prop\u00f3sito disponemos de un talento humano competente que busca satisfacer las necesidades y expectativas de la comunidad y partes interesadas haciendo de la mejora continua un estilo organizacional.<\/p>\n","protected":false},"author":1,"featured_media":0,"parent":0,"menu_order":0,"comment_status":"closed","ping_status":"closed","template":"","meta":{"om_disable_all_campaigns":false},"_links":{"self":[{"href":"https:\/\/neosistemas.edu.co\/ceneosistemas\/index.php\/wp-json\/wp\/v2\/pages\/258"}],"collection":[{"href":"https:\/\/neosistemas.edu.co\/ceneosistemas\/index.php\/wp-json\/wp\/v2\/pages"}],"about":[{"href":"https:\/\/neosistemas.edu.co\/ceneosistemas\/index.php\/wp-json\/wp\/v2\/types\/page"}],"author":[{"embeddable":true,"href":"https:\/\/neosistemas.edu.co\/ceneosistemas\/index.php\/wp-json\/wp\/v2\/users\/1"}],"replies":[{"embeddable":true,"href":"https:\/\/neosistemas.edu.co\/ceneosistemas\/index.php\/wp-json\/wp\/v2\/comments?post=258"}],"version-history":[{"count":4,"href":"https:\/\/neosistemas.edu.co\/ceneosistemas\/index.php\/wp-json\/wp\/v2\/pages\/258\/revisions"}],"predecessor-version":[{"id":282,"href":"https:\/\/neosistemas.edu.co\/ceneosistemas\/index.php\/wp-json\/wp\/v2\/pages\/258\/revisions\/282"}],"wp:attachment":[{"href":"https:\/\/neosistemas.edu.co\/ceneosistemas\/index.php\/wp-json\/wp\/v2\/media?parent=258"}],"curies":[{"name":"wp","href":"https:\/\/api.w.org\/{rel}","templated":true}]}}